{"id":1294,"date":"2020-05-25T08:42:20","date_gmt":"2020-05-25T08:42:20","guid":{"rendered":"https:\/\/dbpadventures.com\/?page_id=1294"},"modified":"2025-12-02T10:40:52","modified_gmt":"2025-12-02T10:40:52","slug":"var-planet","status":"publish","type":"page","link":"https:\/\/dbpadventures.com\/se\/var-planet\/","title":{"rendered":"Vi v\u00e4rnar om v\u00e5r planet"},"content":{"rendered":"\n<div class=\"block block--hero-post\">\n\t<div class=\"container\">\n\t\t<div class=\"hero-post\">\n\t\t\t<div class=\"row\">\n\t\t\t\t<div class=\"col-lg-6 hero-post__top\">\n\t\t\t\t\t<h1 class=\"hero-post__header\">Tillsammans kan vi ta hand om planeten<\/h1>\n\n\t\t\t\t\t\n\t\t\t\t<\/div>\n\n\t\t\t\t\n\t\t\t\t\t<div class=\"col-lg-8 hero-post__middle\">\n\t\t\t\t\t\t<p>Klimatf\u00f6r\u00e4ndringarna blir allt mer p\u00e5tagliga, och f\u00f6r oss som \u00e4lskar bergen, haven och naturen \u00e4r det l\u00e4tt att se hur mycket som st\u00e5r p\u00e5 spel. Sn\u00f6tillg\u00e5ngen i Europa f\u00f6r\u00e4ndras, v\u00e4rldens hav fylls av plast och m\u00e5nga av v\u00e5ra mest unika korallrev \u00e4r hotade. Det \u00e4r platser vi \u00e4lskar, v\u00e5ra frirum, och det g\u00f6r ont att se dem f\u00f6r\u00e4ndras.<\/p>\n\t\t\t\t\t<\/div>\n\n\t\t\t\t\n\t\t\t\t\t<div class=\"col-lg-10 hero-post__bottom\">\n\t\t\t\t\t\t<div class=\"hero-post__image obj-fit\">\n\t\t\t\t\t\t\t<img decoding=\"async\" src=\"https:\/\/dbpadventures.com\/se\/wp-content\/uploads\/sites\/5\/2020\/10\/L\u00e5t-oss-tillsammans-ta-hand-om-v\u00e5r-planet_1300-562px_061020-1024x459.jpg\" srcset=\"https:\/\/dbpadventures.com\/se\/wp-content\/uploads\/sites\/5\/2020\/10\/L\u00e5t-oss-tillsammans-ta-hand-om-v\u00e5r-planet_1300-562px_061020-1024x459.jpg 1024w, https:\/\/dbpadventures.com\/se\/wp-content\/uploads\/sites\/5\/2020\/10\/L\u00e5t-oss-tillsammans-ta-hand-om-v\u00e5r-planet_1300-562px_061020-300x134.jpg 300w, https:\/\/dbpadventures.com\/se\/wp-content\/uploads\/sites\/5\/2020\/10\/L\u00e5t-oss-tillsammans-ta-hand-om-v\u00e5r-planet_1300-562px_061020-768x344.jpg 768w, https:\/\/dbpadventures.com\/se\/wp-content\/uploads\/sites\/5\/2020\/10\/L\u00e5t-oss-tillsammans-ta-hand-om-v\u00e5r-planet_1300-562px_061020-1536x688.jpg 1536w, https:\/\/dbpadventures.com\/se\/wp-content\/uploads\/sites\/5\/2020\/10\/L\u00e5t-oss-tillsammans-ta-hand-om-v\u00e5r-planet_1300-562px_061020-2048x917.jpg 2048w, https:\/\/dbpadventures.com\/se\/wp-content\/uploads\/sites\/5\/2020\/10\/L\u00e5t-oss-tillsammans-ta-hand-om-v\u00e5r-planet_1300-562px_061020-1600x717.jpg 1600w\" sizes=\"(max-width: 100vw) 100vw, 100vw\" alt=\"\">\n\t\t\t\t\t\t<\/div>\n\t\t\t\t\t\t<div class=\"line-seperator\">\n\t\t\t\t\t\t\t<div class=\"line-text\"><\/div>\n\t\t\t\t\t\t<\/div>\n\t\t\t\t\t<\/div>\n\n\t\t\t\t\n\t\t\t\t\n\t\t\t<\/div>\n\t\t<\/div>\n\t<\/div>\n<\/div>\n\n\n<div class=\"block block--paragraph\">\n\t<div class=\"paragraph\">\n    \t<div class=\"container\">\n            <div class=\"row\">\n\t\t\t\t<div class=\"col-md-8 offset-md-2\">\n\t\t\t\t\t<p class=\"p1\">Men vi tror ocks\u00e5 p\u00e5 kraften i att alla g\u00f6r n\u00e5got. Ingen kan vara helt h\u00e5llbar i allt man g\u00f6r, s\u00e4rskilt inte n\u00e4r \u00e4ventyren ibland ligger l\u00e5ngt borta. Men varje litet steg r\u00e4knas. Tillsammans kan sm\u00e5 val bli till stor p\u00e5verkan.<\/p>\n<p class=\"p1\">D\u00e4rf\u00f6r vill vi p\u00e5 DBP Adventures lyfta och st\u00f6tta de m\u00e5nga fantastiska initiativ som passionerade entrepren\u00f6rer runt om i Skandinavien driver f\u00f6r att v\u00e4rna naturen och skapa mer h\u00e5llbara upplevelser.<\/p>\n<p class=\"p1\">F\u00f6lj oss g\u00e4rna p\u00e5 <a href=\"https:\/\/www.facebook.com\/dbpadventuresse\" target=\"_blank\" rel=\"noopener\">Facebook<\/a> och <a href=\"https:\/\/www.instagram.com\/dbp_adventures.se\/\" target=\"_blank\" rel=\"noopener\">Instagram<\/a> &#8211; d\u00e4r delar vi inspirerande projekt, engagerade m\u00e4nniskor och dessutom har du chansen att vinna fina priser.<\/p>\n\t\t\t\t<\/div>\n\t\t\t<\/div>\n\t\t<\/div>\n\t<\/div>\n<\/div>\n\n\n\n<div class=\"block block--text-image\">\n    <div class=\"container\">\n        <div class=\"text-image\">\n\t\t\t<div class=\"row\">\n\t\t\t\t<div class=\"col-sm-12 \">\n\t\t\t\t\t<div class=\"row\">\n\n\t\t\t\t\t\t<div class=\"text-image__wrapper text-image__left\">\n\t\t\t\t\t\t\t<div class=\"col-sm-3\">\n\t\t\t\t\t\t\t\t<div class=\"obj-fit text-image__image\">\n\t\t\t\t\t\t\t\t\t<img decoding=\"async\" src=\"https:\/\/dbpadventures.com\/se\/wp-content\/uploads\/sites\/5\/2020\/10\/bark_1024x1024-1024x1024.gif\" srcset=\"https:\/\/dbpadventures.com\/se\/wp-content\/uploads\/sites\/5\/2020\/10\/bark_1024x1024-1024x1024.gif 1024w, https:\/\/dbpadventures.com\/se\/wp-content\/uploads\/sites\/5\/2020\/10\/bark_1024x1024-300x300.gif 300w, https:\/\/dbpadventures.com\/se\/wp-content\/uploads\/sites\/5\/2020\/10\/bark_1024x1024-150x150.gif 150w, https:\/\/dbpadventures.com\/se\/wp-content\/uploads\/sites\/5\/2020\/10\/bark_1024x1024-768x768.gif 768w\" sizes=\"(max-width: 100vw) 800, 800\" alt=\"\">\n\t\t\t\t\t\t\t\t<\/div>\n\t\t\t\t\t\t\t<\/div>\n\t\t\t\t\t\t\t<div class=\"col-sm-9\">\n\t\t\t\t\t\t\t\t<div class=\"text-image__text\">\n\t\t\t\t\t\t\t\t\t<h2>Bark SP<\/h2>\n<p>Bark SP producerar en fantastisk solskyddskr\u00e4m utan kemikalier och andra \u00e4mnen som kan vara d\u00e5liga f\u00f6r v\u00e5r natur och som skyddar b\u00e5de v\u00e5r planet och f\u00f6r oss m\u00e4nniskor.<\/p>\n<p>L\u00e4s mer <a href=\"http:\/\/www.barksp.com\/\" target=\"_blank\" rel=\"noopener noreferrer\">h\u00e4r<\/a>\u2026<\/p>\n\t\t\t\t\t\t\t\t<\/div>\n\t\t\t\t\t\t\t<\/div>\n\t\t\t\t\t\t<\/div>\n\n\t\t\t\t\t<\/div>\n\t\t\t\t<\/div>\n\t\t\t<\/div>\n\t\t<\/div>\n\t<\/div>\n<\/div>\n\n\n\n<div class=\"block block--text-image\">\n    <div class=\"container\">\n        <div class=\"text-image\">\n\t\t\t<div class=\"row\">\n\t\t\t\t<div class=\"col-sm-12 \">\n\t\t\t\t\t<div class=\"row\">\n\n\t\t\t\t\t\t<div class=\"text-image__wrapper \">\n\t\t\t\t\t\t\t<div class=\"col-sm-3\">\n\t\t\t\t\t\t\t\t<div class=\"obj-fit text-image__image\">\n\t\t\t\t\t\t\t\t\t<img decoding=\"async\" src=\"https:\/\/dbpadventures.com\/se\/wp-content\/uploads\/sites\/5\/2020\/10\/copehagen_cartel_1024x1024-1024x1024.gif\" srcset=\"https:\/\/dbpadventures.com\/se\/wp-content\/uploads\/sites\/5\/2020\/10\/copehagen_cartel_1024x1024-1024x1024.gif 1024w, https:\/\/dbpadventures.com\/se\/wp-content\/uploads\/sites\/5\/2020\/10\/copehagen_cartel_1024x1024-300x300.gif 300w, https:\/\/dbpadventures.com\/se\/wp-content\/uploads\/sites\/5\/2020\/10\/copehagen_cartel_1024x1024-150x150.gif 150w, https:\/\/dbpadventures.com\/se\/wp-content\/uploads\/sites\/5\/2020\/10\/copehagen_cartel_1024x1024-768x768.gif 768w\" sizes=\"(max-width: 100vw) 800, 800\" alt=\"\">\n\t\t\t\t\t\t\t\t<\/div>\n\t\t\t\t\t\t\t<\/div>\n\t\t\t\t\t\t\t<div class=\"col-sm-9\">\n\t\t\t\t\t\t\t\t<div class=\"text-image__text\">\n\t\t\t\t\t\t\t\t\t<h2>Copenhagen Cartel<\/h2>\n<p>Copenhagen Cartel \u00e4r ett h\u00e5llbart varum\u00e4rke som fokuserar p\u00e5 det stora problemet med plast i haven&#8230; Allt b\u00f6rjade n\u00e4r Katrine, en av \u00e4garna, bodde p\u00e5 Bali och kunde se med sina egna \u00f6gon hur fiskn\u00e4t och plast i allm\u00e4nhet \u00e4r med till att f\u00f6rst\u00f6ra hav och ekosystem. Hon b\u00f6rjade d\u00e4rf\u00f6r att designa badkl\u00e4der som \u00e4r tillverkade av 100% \u00e5tervunnen nylon. Den kommer fr\u00e5n de m\u00e5nga fiskn\u00e4ten, de s\u00e5 kallade sp\u00f6kn\u00e4ten, som flyter runt i haven och tar med sig allt p\u00e5 sin v\u00e4g.<\/p>\n<p>L\u00e4s mer om dem\u00a0<a href=\"https:\/\/copenhagencartel.com\/\" target=\"_blank\" rel=\"noopener noreferrer\">h\u00e4r<\/a>\u2026<\/p>\n\t\t\t\t\t\t\t\t<\/div>\n\t\t\t\t\t\t\t<\/div>\n\t\t\t\t\t\t<\/div>\n\n\t\t\t\t\t<\/div>\n\t\t\t\t<\/div>\n\t\t\t<\/div>\n\t\t<\/div>\n\t<\/div>\n<\/div>\n\n\n\n<div class=\"block block--text-image\">\n    <div class=\"container\">\n        <div class=\"text-image\">\n\t\t\t<div class=\"row\">\n\t\t\t\t<div class=\"col-sm-12 \">\n\t\t\t\t\t<div class=\"row\">\n\n\t\t\t\t\t\t<div class=\"text-image__wrapper text-image__left\">\n\t\t\t\t\t\t\t<div class=\"col-sm-3\">\n\t\t\t\t\t\t\t\t<div class=\"obj-fit text-image__image\">\n\t\t\t\t\t\t\t\t\t<img decoding=\"async\" src=\"https:\/\/dbpadventures.com\/se\/wp-content\/uploads\/sites\/5\/2020\/10\/pleasant_1024x1024-1024x1024.gif\" srcset=\"https:\/\/dbpadventures.com\/se\/wp-content\/uploads\/sites\/5\/2020\/10\/pleasant_1024x1024-1024x1024.gif 1024w, https:\/\/dbpadventures.com\/se\/wp-content\/uploads\/sites\/5\/2020\/10\/pleasant_1024x1024-300x300.gif 300w, https:\/\/dbpadventures.com\/se\/wp-content\/uploads\/sites\/5\/2020\/10\/pleasant_1024x1024-150x150.gif 150w, https:\/\/dbpadventures.com\/se\/wp-content\/uploads\/sites\/5\/2020\/10\/pleasant_1024x1024-768x768.gif 768w\" sizes=\"(max-width: 100vw) 800, 800\" alt=\"\">\n\t\t\t\t\t\t\t\t<\/div>\n\t\t\t\t\t\t\t<\/div>\n\t\t\t\t\t\t\t<div class=\"col-sm-9\">\n\t\t\t\t\t\t\t\t<div class=\"text-image__text\">\n\t\t\t\t\t\t\t\t\t<h2>Pleasant<\/h2>\n<p>Pleasant, ett dansk designm\u00e4rke som fokuserar p\u00e5 h\u00e5llbarhet och samtidigt g\u00f6r att v\u00e4ntan blir lite trevligare&#8230; Vi \u00e4r mycket f\u00f6rtjusta i deras kollektioner f\u00f6r b\u00e5de kvinnor och m\u00e4n, och inte minst att de fokuserar p\u00e5 att anv\u00e4nda allt \u00f6verskott av plast i deras produktion&#8230;<\/p>\n<p>L\u00e4s mer om dem\u00a0<a href=\"https:\/\/www.pleasant.dk\/\" target=\"_blank\" rel=\"noopener noreferrer\">h\u00e4r<\/a>\u2026<\/p>\n\t\t\t\t\t\t\t\t<\/div>\n\t\t\t\t\t\t\t<\/div>\n\t\t\t\t\t\t<\/div>\n\n\t\t\t\t\t<\/div>\n\t\t\t\t<\/div>\n\t\t\t<\/div>\n\t\t<\/div>\n\t<\/div>\n<\/div>\n\n\n\n<div class=\"block block--text-image\">\n    <div class=\"container\">\n        <div class=\"text-image\">\n\t\t\t<div class=\"row\">\n\t\t\t\t<div class=\"col-sm-12 \">\n\t\t\t\t\t<div class=\"row\">\n\n\t\t\t\t\t\t<div class=\"text-image__wrapper \">\n\t\t\t\t\t\t\t<div class=\"col-sm-3\">\n\t\t\t\t\t\t\t\t<div class=\"obj-fit text-image__image\">\n\t\t\t\t\t\t\t\t\t<img decoding=\"async\" src=\"https:\/\/dbpadventures.com\/se\/wp-content\/uploads\/sites\/5\/2020\/10\/strandet_1024x1024-1024x1024.gif\" srcset=\"https:\/\/dbpadventures.com\/se\/wp-content\/uploads\/sites\/5\/2020\/10\/strandet_1024x1024-1024x1024.gif 1024w, https:\/\/dbpadventures.com\/se\/wp-content\/uploads\/sites\/5\/2020\/10\/strandet_1024x1024-300x300.gif 300w, https:\/\/dbpadventures.com\/se\/wp-content\/uploads\/sites\/5\/2020\/10\/strandet_1024x1024-150x150.gif 150w, https:\/\/dbpadventures.com\/se\/wp-content\/uploads\/sites\/5\/2020\/10\/strandet_1024x1024-768x768.gif 768w\" sizes=\"(max-width: 100vw) 800, 800\" alt=\"\">\n\t\t\t\t\t\t\t\t<\/div>\n\t\t\t\t\t\t\t<\/div>\n\t\t\t\t\t\t\t<div class=\"col-sm-9\">\n\t\t\t\t\t\t\t\t<div class=\"text-image__text\">\n\t\t\t\t\t\t\t\t\t<h2>Strandet<\/h2>\n<p>Ett fantastiskt initiativ uppe i den nordv\u00e4stra byn Vorup\u00f8r i danska Jylland. De vill h\u00e5lla v\u00e4stkusten fri fr\u00e5n plast och inte minst fokusera p\u00e5 f\u00f6rorening fr\u00e5n plast.<\/p>\n<p>F\u00f6retaget Strandet samlar upp strandad havsplast som spolats upp p\u00e5 stranden l\u00e4ngs danska v\u00e4stkusten. De ger sedan platsen nytt v\u00e4rde, den insamlade plasten f\u00f6rvandlas till granuler som sedan sm\u00e4lts ned till andra produkter.  Stranden g\u00f6r en stor skillnad i v\u00e5ra \u00f6gon och hj\u00e4lper till att uppm\u00e4rksamma problemet med plast, n\u00e5got som hj\u00e4lper oss att ta hand om v\u00e5r planet&#8230;<\/p>\n<p>L\u00e4s mer om dem\u00a0<a href=\"https:\/\/www.strandet.io\/\" target=\"_blank\" rel=\"noopener noreferrer\">h\u00e4r<\/a>\u2026<\/p>\n<\/div>\n\t\t\t\t\t\t\t\t<\/div>\n\t\t\t\t\t\t\t<\/div>\n\t\t\t\t\t\t<\/div>\n\n\t\t\t\t\t<\/div>\n\t\t\t\t<\/div>\n\t\t\t<\/div>\n\t\t<\/div>\n\t<\/div>\n<\/div>\n","protected":false},"excerpt":{"rendered":"","protected":false},"author":5,"featured_media":0,"parent":0,"menu_order":0,"comment_status":"closed","ping_status":"closed","template":"","meta":{"_acf_changed":false,"footnotes":""},"class_list":["post-1294","page","type-page","status-publish","hentry"],"acf":[],"_links":{"self":[{"href":"https:\/\/dbpadventures.com\/se\/wp-json\/wp\/v2\/pages\/1294","targetHints":{"allow":["GET"]}}],"collection":[{"href":"https:\/\/dbpadventures.com\/se\/wp-json\/wp\/v2\/pages"}],"about":[{"href":"https:\/\/dbpadventures.com\/se\/wp-json\/wp\/v2\/types\/page"}],"author":[{"embeddable":true,"href":"https:\/\/dbpadventures.com\/se\/wp-json\/wp\/v2\/users\/5"}],"replies":[{"embeddable":true,"href":"https:\/\/dbpadventures.com\/se\/wp-json\/wp\/v2\/comments?post=1294"}],"version-history":[{"count":135,"href":"https:\/\/dbpadventures.com\/se\/wp-json\/wp\/v2\/pages\/1294\/revisions"}],"predecessor-version":[{"id":12138,"href":"https:\/\/dbpadventures.com\/se\/wp-json\/wp\/v2\/pages\/1294\/revisions\/12138"}],"wp:attachment":[{"href":"https:\/\/dbpadventures.com\/se\/wp-json\/wp\/v2\/media?parent=1294"}],"curies":[{"name":"wp","href":"https:\/\/api.w.org\/{rel}","templated":true}]}}