{"id":2203,"date":"2020-06-22T12:07:11","date_gmt":"2020-06-22T12:07:11","guid":{"rendered":"https:\/\/dbpadventures.com\/?page_id=2203"},"modified":"2025-12-02T10:57:18","modified_gmt":"2025-12-02T10:57:18","slug":"om-oss","status":"publish","type":"page","link":"https:\/\/dbpadventures.com\/se\/om-oss\/","title":{"rendered":"Om oss"},"content":{"rendered":"<div class=\"block block--hero-master\">\n    <div class=\"hero-master-wrapper obj-fit\">\n\t\t\n\t\t\t<img decoding=\"async\" class=\"hero-master-background\" src=\"https:\/\/dbpadventures.com\/se\/wp-content\/uploads\/sites\/5\/2020\/10\/Om-oss-1-1024x459.jpg\" srcset=\"https:\/\/dbpadventures.com\/se\/wp-content\/uploads\/sites\/5\/2020\/10\/Om-oss-1-1024x459.jpg 1024w, https:\/\/dbpadventures.com\/se\/wp-content\/uploads\/sites\/5\/2020\/10\/Om-oss-1-300x134.jpg 300w, https:\/\/dbpadventures.com\/se\/wp-content\/uploads\/sites\/5\/2020\/10\/Om-oss-1-768x344.jpg 768w, https:\/\/dbpadventures.com\/se\/wp-content\/uploads\/sites\/5\/2020\/10\/Om-oss-1-1536x688.jpg 1536w, https:\/\/dbpadventures.com\/se\/wp-content\/uploads\/sites\/5\/2020\/10\/Om-oss-1-2048x917.jpg 2048w, https:\/\/dbpadventures.com\/se\/wp-content\/uploads\/sites\/5\/2020\/10\/Om-oss-1-1600x717.jpg 1600w\" sizes=\"(max-width: 100vw) 100vw, 100vw\" alt=\"\">\n\n\t\t\n        <div class=\"hero-master-background__gradient\"><\/div>\n        <div class=\"hero-master-wrapper__bottom\"><\/div>\n        <div class=\"hero__diagonal\"><\/div>\n        <div class=\"container\">\n            <div class=\"hero-master\">\n                <div class=\"row\">\n                    <div class=\"col-sm hero-master__col\">\n\n\t\t\t\t\t\t<h1 class=\"hero-master_title\"><\/h1>\n\n\t\t\t\t\t\t\n\t\t\t\t\t\t\n\t\t\t\t\t\t\n                    <\/div>\n                <\/div>\n            <\/div>\n        <\/div>\n    <\/div>\n<\/div>\n\n\n<div class=\"block block--paragraph\">\n\t<div class=\"paragraph\">\n    \t<div class=\"container\">\n            <div class=\"row\">\n\t\t\t\t<div class=\"col-md-8 offset-md-2\">\n\t\t\t\t\t<h2 style=\"text-align: left;\"><strong>Om oss p\u00e5 DBP Adventures<\/strong><\/h2>\n<p data-start=\"268\" data-end=\"677\">DBP Adventures, eller <em data-start=\"291\" data-end=\"309\">De Brede Planker,<\/em>\u00a0\u00e4r en resebyr\u00e5 skapad av ren passion f\u00f6r bergen och havet. Allt b\u00f6rjade 2010 i Danmark, n\u00e4r vi arrangerade v\u00e5ra f\u00f6rsta offpistresor till Nordmakedonien. <strong>Dr\u00f6mmen d\u00e5 \u00e4r samma dr\u00f6m som driver oss idag:<\/strong> att st\u00e5 f\u00f6rst i or\u00f6rd sn\u00f6, uppleva storslagna natur\u00e4ventyr och resa tillsammans med m\u00e4nniskor som delar v\u00e5r k\u00e4rlek (och l\u00e4tt galenskap) f\u00f6r berg, hav och \u00e4ventyrsliv.<\/p>\n<p data-start=\"679\" data-end=\"1134\">V\u00e5ra resor sticker ut. P\u00e5 vintern erbjuder vi allt fr\u00e5n catskiing och heliskiing till toppturer p\u00e5 skidor eller splitboard &#8211; d\u00e4r liftar ers\u00e4tts av mer sp\u00e4nnande transports\u00e4tt och varje dag bjuder p\u00e5 nya linjer. P\u00e5 sommaren flyttar vi \u00e4ventyret till tv\u00e5 hjul med v\u00e5ra bergscykelresor. Och f\u00f6r alla som \u00e4lskar havet arrangerar vi resor till n\u00e5gra av v\u00e4rldens b\u00e4sta destinationer f\u00f6r surf och kitesurfing n\u00e4stan \u00e5ret runt. <strong>Naturupplevelser ligger alltid i centrum.<\/strong><\/p>\n<p data-start=\"1136\" data-end=\"1518\">2020 blev ett milstolpe\u00e5r n\u00e4r vi lanserade v\u00e5r svenska hemsida och v\u00e5ra svenska sociala kanaler. Sedan dess har vi med gl\u00e4dje v\u00e4lkomnat allt fler svenska resen\u00e4rer. V\u00e5r ambition \u00e4r enkel: att ge dig personlig service, genuin kunskap och en trygg partner n\u00e4r du planerar n\u00e4sta \u00e4ventyr &#8211; stort som sm\u00e5tt. F\u00f6rutom v\u00e5r danska och svenska sida driver vi \u00e4ven en internationell plattform.<\/p>\n\t\t\t\t<\/div>\n\t\t\t<\/div>\n\t\t<\/div>\n\t<\/div>\n<\/div>\n\n\n<div class=\"block block--newsletter\">\n    <div class=\"container\">\n        <div class=\"newsletter\">\n            <div class=\"row\">\n                <div class=\"col-sm\">\n                    <div class=\"obj-fit newsletter__container\">\n                        <img decoding=\"async\" class=\"newsletter__container__image\" src=\"https:\/\/dbpadventures.com\/se\/wp-content\/uploads\/sites\/5\/2020\/08\/08_surf_action.jpg\" srcset=\"https:\/\/dbpadventures.com\/se\/wp-content\/uploads\/sites\/5\/2020\/08\/08_surf_action.jpg 1024w, https:\/\/dbpadventures.com\/se\/wp-content\/uploads\/sites\/5\/2020\/08\/08_surf_action-300x200.jpg 300w, https:\/\/dbpadventures.com\/se\/wp-content\/uploads\/sites\/5\/2020\/08\/08_surf_action-768x512.jpg 768w\" sizes=\"(max-width: 100vw) 1000px, 1000px\" alt=\"\">\n                    <\/div>\n                    <div class=\"newsletter__form__container\">\n                        <h2 class=\"newsletter__title\">Bli en del av v\u00e5r VIP-lista och ta del av exklusiva erbjudanden, resetips och information om v\u00e5ra nya destinationer<\/h2>\n\t\t\t\t\t\t<p class=\"newsletter__paragraph\"><\/p>\n\t\t\t\t\t\t<div class=\"form-wrapper\">\n\t\t\t\t\t\t\t<form class=\"newsletter__form\">\n\t\t\t\t\t\t\t\t<input type=\"hidden\" name=\"language\"  value=\"Svensk\" \/>\n\t\t\t\t\t\t\t\t<input type=\"hidden\" name=\"action\" value=\"add_subscriber\">\n\t\t\t\t\t\t\t\t<div class=\"form__group\">\n\t\t\t\t\t\t\t\t\t<div class=\"field\">\n\t\t\t\t\t\t\t\t\t\t<input type=\"text\" name=\"name\" id=\"form__name\" placeholder=\" \">\n\t\t\t\t\t\t\t\t\t\t<label for=\"form__name\">Ange ditt namn<\/label>\n\t\t\t\t\t\t\t\t\t<\/div>\n\t\t\t\t\t\t\t\t\t<div class=\"field\">\n\t\t\t\t\t\t\t\t\t\t<input type=\"email\" name=\"email\" id=\"form__email\" placeholder=\" \">\n\t\t\t\t\t\t\t\t\t\t<label for=\"form__email\">Ange din e-post<\/label>\n\t\t\t\t\t\t\t\t\t<\/div>\n\t\t\t\t\t\t\t\t<\/div>\n\n\t\t\t\t\t\t\t\t<div class=\"newsletter__activities\">\n\t\t\t\t\t\t\t\t\t<div class=\"form__group\">\n\t\t\t\t\t\t\t\t\t\t<div class=\"field\">\n\t\t\t\t\t\t\t\t\t\t\t<input type=\"checkbox\" name=\"surf\" id=\"newsletter-surf\" class=\"newsletter__checkbox\">\n\t\t\t\t\t\t\t\t\t\t\t<label for=\"newsletter-surf\" class=\"news__label\">\n\t\t\t\t\t\t\t\t\t\t\t\t<span class=\"form__checkbox\"><svg width=\"10\" height=\"8\" viewBox=\"0 0 10 8\" fill=\"none\" xmlns=\"http:\/\/www.w3.org\/2000\/svg\">\n<path d=\"M1 4L4.2 7L9 1\" stroke=\"white\" stroke-linecap=\"round\" stroke-linejoin=\"round\"\/>\n<\/svg>\n<\/span>\n\t\t\t\t\t\t\t\t\t\t\t\tSurf\t\t\t\t\t\t\t\t\t\t\t<\/label>\n\t\t\t\t\t\t\t\t\t\t<\/div>\n\t\t\t\t\t\t\t\t\t\t<div class=\"field\">\n\t\t\t\t\t\t\t\t\t\t\t<input type=\"checkbox\" name=\"ski-snowboard\" id=\"newsletter-ski-snowboard\" class=\"newsletter__checkbox\">\n\t\t\t\t\t\t\t\t\t\t\t<label for=\"newsletter-ski-snowboard\" class=\"news__label\">\n\t\t\t\t\t\t\t\t\t\t\t\t<span class=\"form__checkbox\"><svg width=\"10\" height=\"8\" viewBox=\"0 0 10 8\" fill=\"none\" xmlns=\"http:\/\/www.w3.org\/2000\/svg\">\n<path d=\"M1 4L4.2 7L9 1\" stroke=\"white\" stroke-linecap=\"round\" stroke-linejoin=\"round\"\/>\n<\/svg>\n<\/span>\n\t\t\t\t\t\t\t\t\t\t\t\tSkidor &#038; Snowboard\t\t\t\t\t\t\t\t\t\t\t<\/label>\n\t\t\t\t\t\t\t\t\t\t<\/div>\n\t\t\t\t\t\t\t\t\t\t<div class=\"field\">\n\t\t\t\t\t\t\t\t\t\t\t<input type=\"checkbox\" name=\"kitesurfing\" id=\"newsletter-kitesurf\" class=\"newsletter__checkbox\">\n\t\t\t\t\t\t\t\t\t\t\t<label for=\"newsletter-kitesurf\" class=\"news__label\">\n\t\t\t\t\t\t\t\t\t\t\t\t<span class=\"form__checkbox\"><svg width=\"10\" height=\"8\" viewBox=\"0 0 10 8\" fill=\"none\" xmlns=\"http:\/\/www.w3.org\/2000\/svg\">\n<path d=\"M1 4L4.2 7L9 1\" stroke=\"white\" stroke-linecap=\"round\" stroke-linejoin=\"round\"\/>\n<\/svg>\n<\/span>\n\t\t\t\t\t\t\t\t\t\t\t\tKitesurfing\t\t\t\t\t\t\t\t\t\t\t<\/label>\n\t\t\t\t\t\t\t\t\t\t<\/div>\n\t\t\t\t\t\t\t\t\t\t<div class=\"field\">\n\t\t\t\t\t\t\t\t\t\t\t<input type=\"checkbox\" name=\"kayak\" id=\"newsletter-kayaking\" class=\"newsletter__checkbox\">\n\t\t\t\t\t\t\t\t\t\t\t<label for=\"newsletter-kayaking\" class=\"news__label\">\n\t\t\t\t\t\t\t\t\t\t\t\t<span class=\"form__checkbox\"><svg width=\"10\" height=\"8\" viewBox=\"0 0 10 8\" fill=\"none\" xmlns=\"http:\/\/www.w3.org\/2000\/svg\">\n<path d=\"M1 4L4.2 7L9 1\" stroke=\"white\" stroke-linecap=\"round\" stroke-linejoin=\"round\"\/>\n<\/svg>\n<\/span>\n\t\t\t\t\t\t\t\t\t\t\t\tKajakpaddling\t\t\t\t\t\t\t\t\t\t\t<\/label>\n\t\t\t\t\t\t\t\t\t\t<\/div>\n\t\t\t\t\t\t\t\t\t\t<div class=\"field\">\n\t\t\t\t\t\t\t\t\t\t\t<input type=\"checkbox\" name=\"mountainbike\" id=\"newsletter-mountainbike\" class=\"newsletter__checkbox\">\n\t\t\t\t\t\t\t\t\t\t\t<label for=\"newsletter-mountainbike\" class=\"news__label\">\n\t\t\t\t\t\t\t\t\t\t\t\t<span class=\"form__checkbox\"><svg width=\"10\" height=\"8\" viewBox=\"0 0 10 8\" fill=\"none\" xmlns=\"http:\/\/www.w3.org\/2000\/svg\">\n<path d=\"M1 4L4.2 7L9 1\" stroke=\"white\" stroke-linecap=\"round\" stroke-linejoin=\"round\"\/>\n<\/svg>\n<\/span>\n\t\t\t\t\t\t\t\t\t\t\t\tMountainbike\t\t\t\t\t\t\t\t\t\t\t<\/label>\n\t\t\t\t\t\t\t\t\t\t<\/div>\n\t\t\t\t\t\t\t\t\t<\/div>\n\t\t\t\t\t\t\t\t<\/div>\n\n\t\t\t\t\t\t\t\t<div class=\"form__group\">\n\t\t\t\t\t\t\t\t\t<div class=\"field\">\n\t\t\t\t\t\t\t\t\t<button type=\"submit\" class=\"btn btn--primary\">Anm\u00e4l dig<\/button>\n\t\t\t\t\t\t\t\t\t<\/div>\n\t\t\t\t\t\t\t\t<\/div>\n\t\t\t\t\t\t\t<\/form>\n\t\t\t\t\t\t\t<div class=\"contact-form__response\">\n\t\t\t\t\t\t\t\t<div class=\"response-message response-message--loader\">\n\t\t\t\t\t\t\t\t\t\n<div class=\"circle-loader\"><span><\/span><\/div>\n\t\t\t\t\t\t\t\t<\/div>\n\t\t\t\t\t\t\t\t<div class=\"response-message response-message--success\">\n\t\t\t\t\t\t\t\t\tTack f\u00f6r att du prenumererar p\u00e5 DBP Adventures nyhetsbrev.\t\t\t\t\t\t\t\t<\/div>\n\t\t\t\t\t\t\t\t<div class=\"response-message response-message--failed\">\n\t\t\t\t\t\t\t\t\tN\u00e5got gick fel, f\u00f6rs\u00f6k att ringa oss \t\t\t\t\t\t\t\t\t<a href=\"tel:+46(0)8-44689342\">+46 (0) 8-446 893 42<\/a>\n\t\t\t\t\t\t\t\t\t eller skriv direkt till \t\t\t\t\t\t\t\t\t<a href=\"mailto:resa@dbpadventures.com\">resa@dbpadventures.com<\/a>\n\t\t\t\t\t\t\t\t<\/div>\n\t\t\t\t\t\t\t<\/div>\n\t\t\t\t\t\t<\/div>\n                    <\/div>\n                <\/div>\n            <\/div>\n        <\/div>\n    <\/div>\n<\/div>\n\n\n<div class=\"block block--video\">\n    <div class=\"container\">\n        <div class=\"video\">\n            <div class=\"row\">\n                <div class=\"col-sm\">\n\n\t\t\t\t\t\n\t\t\t\t\t\t<div class=\"video-wrapper--youtube\">\n\t\t\t\t\t\t\t<iframe src=\"https:\/\/player.vimeo.com\/video\/199638140?title=0&#038;byline=0&#038;portrait=0\" frameborder=\"0\" allow=\"autoplay; fullscreen\" allowfullscreen><\/iframe>\n\t\t\t\t\t\t<\/div>\n\n\t\t\t\t\t\n                <\/div>\n            <\/div>\n            <div class=\"line-seperator\"><div class=\"line-text\">Oplev det p\u00e5 dine vilk\u00e5r<\/div><\/div>\n        <\/div>\n    <\/div>\n<\/div>\n\n\n\n<div class=\"block block--paragraph\">\n\t<div class=\"paragraph\">\n    \t<div class=\"container\">\n            <div class=\"row\">\n\t\t\t\t<div class=\"col-md-8 offset-md-2\">\n\t\t\t\t\t<p style=\"text-align: left;\"><img loading=\"lazy\" decoding=\"async\" class=\"size-medium wp-image-2700 aligncenter\" src=\"https:\/\/dbpadventures.com\/wp-content\/uploads\/2020\/07\/REJSEGARANTI-300x144.jpg\" alt=\"\" width=\"300\" height=\"144\" \/><\/p>\n<p>En av de stora f\u00f6rdelarna med att resa med oss \u00e4r att priset i regel \u00e4r detsamma som om du bokar direkt hos arrang\u00f6ren. Tack vare starka partnerskap v\u00e4rlden \u00f6ver kan vi erbjuda samma priser, men med den extra tryggheten i att vi tar hand om allt det praktiska. Vi ordnar det du inte har tid eller ork att fixa sj\u00e4lv &#8211; <strong>s\u00e5 att du kan fokusera p\u00e5 upplevelsen.<\/strong><\/p>\n<p data-start=\"1878\" data-end=\"2109\">Vi \u00e4r entusiaster, inte bara arrang\u00f6rer. Alla som arbetar hos oss brinner f\u00f6r sina omr\u00e5den och har sj\u00e4lva upplevt v\u00e5ra resm\u00e5l. Det betyder att varje destination \u00e4r handplockad och kvalitetss\u00e4krad av n\u00e5gon som verkligen kan sin sak.<\/p>\n<p data-start=\"2111\" data-end=\"2247\">Och sj\u00e4lvklart \u00e4r DBP Adventures medlem i resegarantifonden, vilket inneb\u00e4r att din resa \u00e4r ekonomiskt skyddad &#8211; oavsett vad som h\u00e4nder.<\/p>\n<p data-start=\"2249\" data-end=\"2280\"><strong>V\u00e4lkommen med p\u00e5 n\u00e4sta \u00e4ventyr!<\/strong><\/p>\n\t\t\t\t<\/div>\n\t\t\t<\/div>\n\t\t<\/div>\n\t<\/div>\n<\/div>\n\n\n<div class=\"block block--quote\">\n    <div class=\"container\">\n        <div class=\"quote\">\n            <div class=\"row\">\n                <div class=\"col-sm-12 col-lg-10 quote__container\">\n                    <div class=\"quote__wrapper\">\n                        <div class=\"quote__icon\">\n                            <svg width=\"16\" height=\"28\" viewBox=\"0 0 16 28\" fill=\"none\" xmlns=\"http:\/\/www.w3.org\/2000\/svg\">\n<path d=\"M5.00019 0C2.23876 0 0.000188478 2.23858 0.000188478 5V11C0.000188478 13.7614 2.23876 16 5.00019 16H11.0002C11.2337 16 11.4634 15.984 11.6884 15.953C11.4188 17.6605 10.9541 19.0269 10.2179 20.1209C8.96474 21.9829 6.63405 23.4487 1.76959 24.0133C0.672391 24.1407 -0.113828 25.1334 0.0135265 26.2306C0.14088 27.3278 1.13358 28.114 2.23078 27.9867C7.70479 27.3513 11.3741 25.5671 13.5364 22.3541C15.609 19.2744 16.0002 15.2759 16.0002 11V5C16.0002 2.23858 13.7616 0 11.0002 0H5.00019Z\" fill=\"#AFC1D6\"\/>\n<\/svg>\n                            <svg width=\"16\" height=\"28\" viewBox=\"0 0 16 28\" fill=\"none\" xmlns=\"http:\/\/www.w3.org\/2000\/svg\">\n<path d=\"M5.00019 0C2.23876 0 0.000188478 2.23858 0.000188478 5V11C0.000188478 13.7614 2.23876 16 5.00019 16H11.0002C11.2337 16 11.4634 15.984 11.6884 15.953C11.4188 17.6605 10.9541 19.0269 10.2179 20.1209C8.96474 21.9829 6.63405 23.4487 1.76959 24.0133C0.672391 24.1407 -0.113828 25.1334 0.0135265 26.2306C0.14088 27.3278 1.13358 28.114 2.23078 27.9867C7.70479 27.3513 11.3741 25.5671 13.5364 22.3541C15.609 19.2744 16.0002 15.2759 16.0002 11V5C16.0002 2.23858 13.7616 0 11.0002 0H5.00019Z\" fill=\"#AFC1D6\"\/>\n<\/svg>\n                        <\/div>\n                        <p class=\"quote__header\">Upplev n\u00e5got ut\u00f6ver det vanliga p\u00e5 v\u00e5ra arrangerade resor med instrukt\u00f6r eller guide &#8211; eller \u00e5k iv\u00e4g n\u00e4r det passar dig p\u00e5 v\u00e5ra flexibla resor. Oavsett om du vill surfa, \u00e5ka offpist med skidor eller snowboard, kitesurfa eller cykla mountainbike i bergen, finns det ett \u00e4ventyr f\u00f6r dig.<\/p>\n                        <p class=\"quote__name\"><\/p>\n                    <\/div>\n                <\/div>\n            <\/div>\n        <\/div>\n    <\/div>\n<\/div>\n\n<div class=\"block block--contact\">\n\t<div class=\"contact\">\n\t\t<div class=\"container\">\n\t\t\t<div class=\"row\">\n\t\t\t\t<div class=\"col-md-6\">\n\t\t\t\t\t<h2>Kontaktinformation<\/h2>\n\t\t\t\t\t<h3>Kontaktinformation<\/h3>\n\t\t\t\t\t<div class=\"contact__information\">\n\t\t\t\t\t\t<div class=\"contact__phone\">\n\t\t\t\t\t\t\t<span>Telefon<\/span>\n\t\t\t\t\t\t\t<a href=\"tel:+46(0)8-44689342\">+46 (0) 8-446 893 42<\/a>\n\t\t\t\t\t\t<\/div>\n\t\t\t\t\t\t<div class=\"contact__mail\">\n\t\t\t\t\t\t\t<span>E-mail<\/span>\n\t\t\t\t\t\t\t<a href=\"mailto:resa@dbpadventures.com\">resa@dbpadventures.com<\/a>\n\t\t\t\t\t\t<\/div>\n\t\t\t\t\t<\/div>\n\n\t\t\t\t\t<p><\/p>\n\n\t\t\t\t\t<p><b>DBP Adventures ApS<\/b> <br> Bredgade 63A<br>1260 K\u00f6penhamn<br>Danmark<\/p>\n\t\t\t\t<\/div>\n\t\t\t\t<div class=\"col-md-5 offset-md-1\">\n\t\t\t\t\t<h2>S\u00e4nd oss ett meddelande<\/h2>\n\t\t\t\t\t<div class=\"contact__contact-form\">\n\t\t\t\t\t\t<div class=\"form-wrapper\">\n\n\t\t\t\t\t\t\t\n<form class=\"contact__form\">\n\t<input type=\"hidden\" name=\"action\" value=\"oak_sendmail\">\n\t<h3>Din information<\/h3>\n\t<div class=\"form__group\">\n\t\t<div class=\"field\">\n\t\t\t<input type=\"text\" id=\"firstname\" class=\"input--icon\" name=\"firstname\" placeholder=\" \">\n\t\t\t<label for=\"firstname\" class=\"label--icon\">F\u00f6rnamn<\/label>\n\t\t\t<div class=\"field__icon\">\n\t\t\t\t<svg width=\"25\" height=\"25\" viewBox=\"0 0 25 25\" fill=\"none\" xmlns=\"http:\/\/www.w3.org\/2000\/svg\">\n<path fill-rule=\"evenodd\" clip-rule=\"evenodd\" d=\"M7 15.5C5.61929 15.5 4.5 16.6193 4.5 18V21H3.5V18C3.5 16.067 5.067 14.5 7 14.5H18C19.933 14.5 21.5 16.067 21.5 18V21H20.5V18C20.5 16.6193 19.3807 15.5 18 15.5H7Z\" fill=\"#7E8590\"\/>\n<path fill-rule=\"evenodd\" clip-rule=\"evenodd\" d=\"M12.5 12C14.433 12 16 10.433 16 8.5C16 6.567 14.433 5 12.5 5C10.567 5 9 6.567 9 8.5C9 10.433 10.567 12 12.5 12ZM12.5 13C14.9853 13 17 10.9853 17 8.5C17 6.01472 14.9853 4 12.5 4C10.0147 4 8 6.01472 8 8.5C8 10.9853 10.0147 13 12.5 13Z\" fill=\"#7E8590\"\/>\n<\/svg>\n\t\t\t<\/div>\n\t\t<\/div>\n\t\t<div class=\"field\">\n\t\t\t<input type=\"tel\" id=\"lastname\" class=\"input--icon\" name=\"lastname\" placeholder=\" \">\n\t\t\t<label for=\"lastname\" class=\"label--icon\">Efternamn<\/label>\n\t\t\t<div class=\"field__icon\">\n\t\t\t\t<svg width=\"25\" height=\"25\" viewBox=\"0 0 25 25\" fill=\"none\" xmlns=\"http:\/\/www.w3.org\/2000\/svg\">\n<path fill-rule=\"evenodd\" clip-rule=\"evenodd\" d=\"M7 15.5C5.61929 15.5 4.5 16.6193 4.5 18V21H3.5V18C3.5 16.067 5.067 14.5 7 14.5H18C19.933 14.5 21.5 16.067 21.5 18V21H20.5V18C20.5 16.6193 19.3807 15.5 18 15.5H7Z\" fill=\"#7E8590\"\/>\n<path fill-rule=\"evenodd\" clip-rule=\"evenodd\" d=\"M12.5 12C14.433 12 16 10.433 16 8.5C16 6.567 14.433 5 12.5 5C10.567 5 9 6.567 9 8.5C9 10.433 10.567 12 12.5 12ZM12.5 13C14.9853 13 17 10.9853 17 8.5C17 6.01472 14.9853 4 12.5 4C10.0147 4 8 6.01472 8 8.5C8 10.9853 10.0147 13 12.5 13Z\" fill=\"#7E8590\"\/>\n<\/svg>\n\t\t\t<\/div>\n\t\t<\/div>\n\t<\/div>\n\t<div class=\"form__group\">\n\t\t<div class=\"field\">\n\t\t\t<input type=\"email\" id=\"email\" class=\"input--icon\" name=\"email\" placeholder=\" \">\n\t\t\t<label for=\"email\" class=\"label--icon\">E-post<\/label>\n\t\t\t<div class=\"field__icon\">\n\t\t\t\t<svg width=\"21\" height=\"21\" viewBox=\"0 0 21 21\" fill=\"none\" xmlns=\"http:\/\/www.w3.org\/2000\/svg\">\n<path fill-rule=\"evenodd\" clip-rule=\"evenodd\" d=\"M2.03132 4.2H18.9685C19.1625 4.2 19.3199 4.37376 19.3199 4.58813V14.8148C19.3199 15.9095 18.5137 16.8 17.5227 16.8H3.47718C2.48613 16.8 1.67993 15.9095 1.67993 14.8148V4.58813C1.67993 4.37376 1.83728 4.2 2.03132 4.2ZM17.6384 16.1368C18.2519 16.1368 18.7509 15.5834 18.7509 14.9032V4.86315H2.86114L10.5002 11.798L16.4834 6.37843C16.6362 6.23999 16.8611 6.26515 16.986 6.43459C17.1107 6.60403 17.088 6.85351 16.9353 6.99192L10.7259 12.6164C10.6601 12.6759 10.58 12.7057 10.4999 12.7057C10.4197 12.7057 10.3395 12.6759 10.2737 12.6161L2.24897 5.33124V14.9032C2.24897 15.5834 2.74802 16.1368 3.36145 16.1368H17.6384Z\" fill=\"#7E8590\"\/>\n<path d=\"M19.3199 4.58813H19.4699V4.5881L19.3199 4.58813ZM18.7509 4.86315H18.9009V4.71315H18.7509V4.86315ZM2.86114 4.86315V4.71315H2.47274L2.76031 4.97422L2.86114 4.86315ZM10.5002 11.798L10.3993 11.9091L10.5001 12.0005L10.6009 11.9092L10.5002 11.798ZM16.4834 6.37843L16.5841 6.48961L16.5841 6.48959L16.4834 6.37843ZM16.986 6.43459L17.1067 6.34564L17.1067 6.34561L16.986 6.43459ZM16.9353 6.99192L17.036 7.10309L17.036 7.10308L16.9353 6.99192ZM10.7259 12.6164L10.8265 12.7276L10.8266 12.7276L10.7259 12.6164ZM10.2737 12.6161L10.1728 12.7272L10.1729 12.7272L10.2737 12.6161ZM2.24897 5.33124L2.3498 5.22018L2.09897 4.99248V5.33124H2.24897ZM18.9685 4.05H2.03132V4.35H18.9685V4.05ZM19.4699 4.5881C19.4699 4.30529 19.2591 4.05 18.9685 4.05V4.35C19.066 4.35 19.1699 4.44223 19.1699 4.58815L19.4699 4.5881ZM19.4699 14.8148V4.58813H19.1699V14.8148H19.4699ZM17.5227 16.95C18.6102 16.95 19.4699 15.9779 19.4699 14.8148H19.1699C19.1699 15.841 18.4172 16.65 17.5227 16.65V16.95ZM3.47718 16.95H17.5227V16.65H3.47718V16.95ZM1.52993 14.8148C1.52993 15.9779 2.3896 16.95 3.47718 16.95V16.65C2.58267 16.65 1.82993 15.841 1.82993 14.8148H1.52993ZM1.52993 4.58813V14.8148H1.82993V4.58813H1.52993ZM2.03132 4.05C1.74076 4.05 1.52993 4.30529 1.52993 4.58813H1.82993C1.82993 4.44223 1.9338 4.35 2.03132 4.35V4.05ZM18.6009 14.9032C18.6009 15.5156 18.1548 15.9868 17.6384 15.9868V16.2868C18.3489 16.2868 18.9009 15.6513 18.9009 14.9032H18.6009ZM18.6009 4.86315V14.9032H18.9009V4.86315H18.6009ZM2.86114 5.01315H18.7509V4.71315H2.86114V5.01315ZM10.601 11.6869L2.96196 4.75209L2.76031 4.97422L10.3993 11.9091L10.601 11.6869ZM16.3827 6.26726L10.3995 11.6868L10.6009 11.9092L16.5841 6.48961L16.3827 6.26726ZM17.1067 6.34561C16.9312 6.10744 16.6038 6.06689 16.3827 6.26728L16.5841 6.48959C16.6685 6.41308 16.791 6.42287 16.8652 6.52357L17.1067 6.34561ZM17.036 7.10308C17.2476 6.91132 17.2757 6.57503 17.1067 6.34564L16.8652 6.52354C16.9458 6.63302 16.9285 6.79569 16.8346 6.88076L17.036 7.10308ZM10.8266 12.7276L17.036 7.10309L16.8346 6.88074L10.6252 12.5052L10.8266 12.7276ZM10.4999 12.8557C10.6179 12.8557 10.7337 12.8116 10.8265 12.7276L10.6252 12.5052C10.5865 12.5402 10.5421 12.5557 10.4999 12.5557V12.8557ZM10.1729 12.7272C10.2658 12.8115 10.3817 12.8557 10.4999 12.8557V12.5557C10.4577 12.5557 10.4132 12.5402 10.3744 12.505L10.1729 12.7272ZM2.14815 5.4423L10.1728 12.7272L10.3745 12.5051L2.3498 5.22018L2.14815 5.4423ZM2.39897 14.9032V5.33124H2.09897V14.9032H2.39897ZM3.36145 15.9868C2.84508 15.9868 2.39897 15.5155 2.39897 14.9032H2.09897C2.09897 15.6513 2.65096 16.2868 3.36145 16.2868V15.9868ZM17.6384 15.9868H3.36145V16.2868H17.6384V15.9868Z\" fill=\"#7E8590\"\/>\n<\/svg>\n\t\t\t<\/div>\n\t\t<\/div>\n\t<\/div>\n\t<h3>Meddelande<\/h3>\n\t<div class=\"form__group\">\n\t\t<div class=\"field\">\n\t\t\t<textarea name=\"message\" id=\"message\" rows=\"7\" placeholder=\" \"><\/textarea>\n\t\t\t<label id=\"message\">Jag skulle vilja veta\u2026<\/label>\n\t\t<\/div>\n\t<\/div>\n\t<div class=\"form__group\">\n\t\t<div class=\"field field--right\">\n\t\t<button type=\"submit\" class=\"btn btn--primary\">S\u00e4nd meddelande<\/button>\n\t\t<\/div>\n\t<\/div>\n<\/form>\n\n\t\t\t\t\t\t\t<div class=\"contact-form__response\">\n\t\t\t\t\t\t\t\t<div class=\"response-message response-message--loader\">\n\t\t\t\t\t\t\t\t\t\n<div class=\"circle-loader\"><span><\/span><\/div>\n\t\t\t\t\t\t\t\t<\/div>\n\t\t\t\t\t\t\t\t<div class=\"response-message response-message--success\">\n\t\t\t\t\t\t\t\t\tTack f\u00f6r att du kontaktade oss, vi \u00e5terkommer s\u00e5 snart som m\u00f6jligt\t\t\t\t\t\t\t\t<\/div>\n\t\t\t\t\t\t\t\t<div class=\"response-message response-message--failed\">\n\t\t\t\t\t\t\t\t\tN\u00e5got gick fel, f\u00f6rs\u00f6k att ringa oss \t\t\t\t\t\t\t\t\t<a href=\"tel:+46(0)8-44689342\">+46 (0) 8-446 893 42<\/a>\n\t\t\t\t\t\t\t\t\t eller skriv direkt till \t\t\t\t\t\t\t\t\t<a href=\"mailto:resa@dbpadventures.com\">resa@dbpadventures.com<\/a>\n\t\t\t\t\t\t\t\t<\/div>\n\t\t\t\t\t\t\t<\/div>\n\t\t\t\t\t\t<\/div>\n\t\t\t\t\t<\/div>\n\t\t\t\t<\/div>\n\t\t\t<\/div>\n\t\t<\/div>\n\t<\/div>\n<\/div>\n\n\n\n<div class=\"block block--hero-post\">\n\t<div class=\"container\">\n\t\t<div class=\"hero-post\">\n\t\t\t<div class=\"row\">\n\t\t\t\t<div class=\"col-lg-6 hero-post__top\">\n\t\t\t\t\t<h1 class=\"hero-post__header\"><\/h1>\n\n\t\t\t\t\t\n\t\t\t\t<\/div>\n\n\t\t\t\t\n\t\t\t\t\n\t\t\t<\/div>\n\t\t<\/div>\n\t<\/div>\n<\/div>\n\n\n<div class=\"block block--paragraph\">\n\t<div class=\"paragraph\">\n    \t<div class=\"container\">\n            <div class=\"row\">\n\t\t\t\t<div class=\"col-md-8 offset-md-2\">\n\t\t\t\t\t<h3><b>Vi v\u00e4rnar om v\u00e5r planet<\/b><\/h3>\n<p class=\"p3\">Vi som \u00e4lskar bergen och haven ser dessa platser som v\u00e5ra frirum, men klimatf\u00f6r\u00e4ndringarna blir allt tydligare. Sn\u00f6n i Europa blir os\u00e4krare, haven fylls av plast och m\u00e5nga av v\u00e4rldens stora korallrev \u00e4r hotade.<\/p>\n<p class=\"p3\">Men vi tror p\u00e5 kraften i sm\u00e5 handlingar. Om vi alla g\u00f6r lite, kan vi tillsammans g\u00f6ra stor skillnad. Vi vet att det inte alltid \u00e4r l\u00e4tt att vara 100 % h\u00e5llbar, s\u00e4rskilt n\u00e4r v\u00e5ra \u00e4ventyr ibland kr\u00e4ver en resa, <strong>men varje steg r\u00e4knas.<\/strong><\/p>\n<p class=\"p3\">D\u00e4rf\u00f6r vill vi p\u00e5 De Brede Planker st\u00f6tta de fantastiska initiativ som passionerade f\u00f6retagare driver runt om i landet. Tillsammans kan vi ta hand om planeten, b\u00e5de n\u00e4r vi reser och n\u00e4r vi \u00e4r hemma.<\/p>\n<p style=\"text-align: left;\"><a href=\"https:\/\/dbpadventures.com\/se\/var-planet\/\">L\u00e4s mer om initiativet h\u00e4r.<\/a><\/p>\n\t\t\t\t<\/div>\n\t\t\t<\/div>\n\t\t<\/div>\n\t<\/div>\n<\/div>\n","protected":false},"excerpt":{"rendered":"","protected":false},"author":3,"featured_media":0,"parent":0,"menu_order":0,"comment_status":"closed","ping_status":"closed","template":"","meta":{"_acf_changed":false,"footnotes":""},"class_list":["post-2203","page","type-page","status-publish","hentry"],"acf":[],"_links":{"self":[{"href":"https:\/\/dbpadventures.com\/se\/wp-json\/wp\/v2\/pages\/2203","targetHints":{"allow":["GET"]}}],"collection":[{"href":"https:\/\/dbpadventures.com\/se\/wp-json\/wp\/v2\/pages"}],"about":[{"href":"https:\/\/dbpadventures.com\/se\/wp-json\/wp\/v2\/types\/page"}],"author":[{"embeddable":true,"href":"https:\/\/dbpadventures.com\/se\/wp-json\/wp\/v2\/users\/3"}],"replies":[{"embeddable":true,"href":"https:\/\/dbpadventures.com\/se\/wp-json\/wp\/v2\/comments?post=2203"}],"version-history":[{"count":148,"href":"https:\/\/dbpadventures.com\/se\/wp-json\/wp\/v2\/pages\/2203\/revisions"}],"predecessor-version":[{"id":12151,"href":"https:\/\/dbpadventures.com\/se\/wp-json\/wp\/v2\/pages\/2203\/revisions\/12151"}],"wp:attachment":[{"href":"https:\/\/dbpadventures.com\/se\/wp-json\/wp\/v2\/media?parent=2203"}],"curies":[{"name":"wp","href":"https:\/\/api.w.org\/{rel}","templated":true}]}}