{"id":5681,"date":"2021-08-28T14:03:23","date_gmt":"2021-08-28T14:03:23","guid":{"rendered":"https:\/\/dbpadventures.com\/se\/?page_id=5681"},"modified":"2021-08-28T20:15:15","modified_gmt":"2021-08-28T20:15:15","slug":"foretagsresor-surf","status":"publish","type":"page","link":"https:\/\/dbpadventures.com\/se\/foretagsresor-surf\/","title":{"rendered":"F\u00f6retagsresor &#8211; Surf"},"content":{"rendered":"<div class=\"block block--hero-master\">\n    <div class=\"hero-master-wrapper obj-fit\">\n\t\t\n\t\t\t<img decoding=\"async\" class=\"hero-master-background\" src=\"https:\/\/dbpadventures.com\/se\/wp-content\/uploads\/sites\/5\/2021\/08\/surf09-1641x2048-1-821x1024.jpg\" srcset=\"https:\/\/dbpadventures.com\/se\/wp-content\/uploads\/sites\/5\/2021\/08\/surf09-1641x2048-1-821x1024.jpg 821w, https:\/\/dbpadventures.com\/se\/wp-content\/uploads\/sites\/5\/2021\/08\/surf09-1641x2048-1-240x300.jpg 240w, https:\/\/dbpadventures.com\/se\/wp-content\/uploads\/sites\/5\/2021\/08\/surf09-1641x2048-1-768x958.jpg 768w, https:\/\/dbpadventures.com\/se\/wp-content\/uploads\/sites\/5\/2021\/08\/surf09-1641x2048-1-1231x1536.jpg 1231w, https:\/\/dbpadventures.com\/se\/wp-content\/uploads\/sites\/5\/2021\/08\/surf09-1641x2048-1-1600x1997.jpg 1600w, https:\/\/dbpadventures.com\/se\/wp-content\/uploads\/sites\/5\/2021\/08\/surf09-1641x2048-1.jpg 1641w\" sizes=\"(max-width: 100vw) 100vw, 100vw\" alt=\"\">\n\n\t\t\n        <div class=\"hero-master-background__gradient\"><\/div>\n        <div class=\"hero-master-wrapper__bottom\"><\/div>\n        <div class=\"hero__diagonal\"><\/div>\n        <div class=\"container\">\n            <div class=\"hero-master\">\n                <div class=\"row\">\n                    <div class=\"col-sm hero-master__col\">\n\n\t\t\t\t\t\t<h1 class=\"hero-master_title\">Utveckla er som individer och f\u00f6retag &#8211; p\u00e5 och vid sidan av vattnet<\/h1>\n\n\t\t\t\t\t\t\n\t\t\t\t\t\t\n\t\t\t\t\t\t\n                    <\/div>\n                <\/div>\n            <\/div>\n        <\/div>\n    <\/div>\n<\/div>\n\n\n\n<div class=\"block block--trip-details\">\n\t<div class=\"trip-details\">\n\n\t\t<div class=\"ratings__scroll-indicator\">\n\t\t\t<div class=\"horizontal-line\"><\/div>\n\t\t<\/div>\n\n\t\t<div class=\"container\">\n\t\t\t<div class=\"row\">\n\t\t\t\t<div class=\"col-sm-12 col-md-6\">\n\t\t\t\t\t<div class=\"trip-details__container\">\n\t\t\t\t\t\t<div class=\"trip-details__header\">\n\t\t\t\t\t\t\t<h2 class=\"trip-details__title\">Ta med dina kollegor p\u00e5 en surfsemester och f\u00e5 en unik upplevelse p\u00e5 vattnet<\/h2>\n\t\t\t\t\t\t\t<div class=\"trip-details__icon\">\n\t\t\t\t\t\t\t\t    \n\t\t\t\t\t\t\t<\/div>\n\t\t\t\t\t\t\t\n\t\t\t\t\t\t<\/div>\n\n\t\t\t\t\t\t\n\t\t\t\t\t\t<div class=\"trip-details__paragraph\"><p>Ha en of\u00f6rgl\u00f6mlig upplevelse med dina kollegor, och kom bort fr\u00e5n kontoret en stund. Res med oss \u200b\u200bp\u00e5 en av v\u00e5ra m\u00e5nga surfresor f\u00f6r f\u00f6retag runtom i v\u00e4rlden. Surf passar f\u00f6r alla och alla kan vara med. V\u00e5ra instrukt\u00f6rer ser till att utmana dig, oavsett om du \u00e4r nyb\u00f6rjare eller erfaren.<\/p>\n<p>Ta en f\u00f6rl\u00e4ngd helg eller en hel vecka och kombinera surfupplevelsen med andra aktiviteter som trailrun, vandring, SUP, utforska omr\u00e5det ni \u00e4r i och smaka p\u00e5 den lokala maten eller \/ och h\u00e5ll ett seminarium. Du best\u00e4mmer vad du vill ha mest utav er resa tillsammans.<\/p>\n<p>Vi skapar ramverket f\u00f6r ditt team, d\u00e4r ni l\u00e4r er att samarbeta och kommunicera genom goda erfarenheter och olika utmaningar.<\/p>\n<p>H\u00e4r \u00e4r n\u00e5gra h\u00e4rliga exempel p\u00e5 var du kan \u00e5ka p\u00e5 en surfsemester med ditt f\u00f6retag:<\/p>\n \n\t\t\t\t\t\t\t\t\t\t\t\t\t<\/div>\n\n\t\t\t\t\t<\/div>\n\n\t\t\t\t\t\n\t\t\t\t<\/div>\n\n\t\t\t\t<div class=\"offset-md-1 col-md-5\">\n\n\t\t\t\t\t\n<div class=\"trip-contact-component\">\n\t<div class=\"form__wrapper\">\n\t\t\n<form class=\"contact__form\">\n\t<input type=\"hidden\" name=\"action\" value=\"oak_sendmail\">\n\t<h3>Din information<\/h3>\n\t<div class=\"form__group\">\n\t\t<div class=\"field\">\n\t\t\t<input type=\"text\" id=\"firstname\" class=\"input--icon\" name=\"firstname\" placeholder=\" \">\n\t\t\t<label for=\"firstname\" class=\"label--icon\">F\u00f6rnamn<\/label>\n\t\t\t<div class=\"field__icon\">\n\t\t\t\t<svg width=\"25\" height=\"25\" viewBox=\"0 0 25 25\" fill=\"none\" xmlns=\"http:\/\/www.w3.org\/2000\/svg\">\n<path fill-rule=\"evenodd\" clip-rule=\"evenodd\" d=\"M7 15.5C5.61929 15.5 4.5 16.6193 4.5 18V21H3.5V18C3.5 16.067 5.067 14.5 7 14.5H18C19.933 14.5 21.5 16.067 21.5 18V21H20.5V18C20.5 16.6193 19.3807 15.5 18 15.5H7Z\" fill=\"#7E8590\"\/>\n<path fill-rule=\"evenodd\" clip-rule=\"evenodd\" d=\"M12.5 12C14.433 12 16 10.433 16 8.5C16 6.567 14.433 5 12.5 5C10.567 5 9 6.567 9 8.5C9 10.433 10.567 12 12.5 12ZM12.5 13C14.9853 13 17 10.9853 17 8.5C17 6.01472 14.9853 4 12.5 4C10.0147 4 8 6.01472 8 8.5C8 10.9853 10.0147 13 12.5 13Z\" fill=\"#7E8590\"\/>\n<\/svg>\n\t\t\t<\/div>\n\t\t<\/div>\n\t\t<div class=\"field\">\n\t\t\t<input type=\"tel\" id=\"lastname\" class=\"input--icon\" name=\"lastname\" placeholder=\" \">\n\t\t\t<label for=\"lastname\" class=\"label--icon\">Efternamn<\/label>\n\t\t\t<div class=\"field__icon\">\n\t\t\t\t<svg width=\"25\" height=\"25\" viewBox=\"0 0 25 25\" fill=\"none\" xmlns=\"http:\/\/www.w3.org\/2000\/svg\">\n<path fill-rule=\"evenodd\" clip-rule=\"evenodd\" d=\"M7 15.5C5.61929 15.5 4.5 16.6193 4.5 18V21H3.5V18C3.5 16.067 5.067 14.5 7 14.5H18C19.933 14.5 21.5 16.067 21.5 18V21H20.5V18C20.5 16.6193 19.3807 15.5 18 15.5H7Z\" fill=\"#7E8590\"\/>\n<path fill-rule=\"evenodd\" clip-rule=\"evenodd\" d=\"M12.5 12C14.433 12 16 10.433 16 8.5C16 6.567 14.433 5 12.5 5C10.567 5 9 6.567 9 8.5C9 10.433 10.567 12 12.5 12ZM12.5 13C14.9853 13 17 10.9853 17 8.5C17 6.01472 14.9853 4 12.5 4C10.0147 4 8 6.01472 8 8.5C8 10.9853 10.0147 13 12.5 13Z\" fill=\"#7E8590\"\/>\n<\/svg>\n\t\t\t<\/div>\n\t\t<\/div>\n\t<\/div>\n\t<div class=\"form__group\">\n\t\t<div class=\"field\">\n\t\t\t<input type=\"email\" id=\"email\" class=\"input--icon\" name=\"email\" placeholder=\" \">\n\t\t\t<label for=\"email\" class=\"label--icon\">E-post<\/label>\n\t\t\t<div class=\"field__icon\">\n\t\t\t\t<svg width=\"21\" height=\"21\" viewBox=\"0 0 21 21\" fill=\"none\" xmlns=\"http:\/\/www.w3.org\/2000\/svg\">\n<path fill-rule=\"evenodd\" clip-rule=\"evenodd\" d=\"M2.03132 4.2H18.9685C19.1625 4.2 19.3199 4.37376 19.3199 4.58813V14.8148C19.3199 15.9095 18.5137 16.8 17.5227 16.8H3.47718C2.48613 16.8 1.67993 15.9095 1.67993 14.8148V4.58813C1.67993 4.37376 1.83728 4.2 2.03132 4.2ZM17.6384 16.1368C18.2519 16.1368 18.7509 15.5834 18.7509 14.9032V4.86315H2.86114L10.5002 11.798L16.4834 6.37843C16.6362 6.23999 16.8611 6.26515 16.986 6.43459C17.1107 6.60403 17.088 6.85351 16.9353 6.99192L10.7259 12.6164C10.6601 12.6759 10.58 12.7057 10.4999 12.7057C10.4197 12.7057 10.3395 12.6759 10.2737 12.6161L2.24897 5.33124V14.9032C2.24897 15.5834 2.74802 16.1368 3.36145 16.1368H17.6384Z\" fill=\"#7E8590\"\/>\n<path d=\"M19.3199 4.58813H19.4699V4.5881L19.3199 4.58813ZM18.7509 4.86315H18.9009V4.71315H18.7509V4.86315ZM2.86114 4.86315V4.71315H2.47274L2.76031 4.97422L2.86114 4.86315ZM10.5002 11.798L10.3993 11.9091L10.5001 12.0005L10.6009 11.9092L10.5002 11.798ZM16.4834 6.37843L16.5841 6.48961L16.5841 6.48959L16.4834 6.37843ZM16.986 6.43459L17.1067 6.34564L17.1067 6.34561L16.986 6.43459ZM16.9353 6.99192L17.036 7.10309L17.036 7.10308L16.9353 6.99192ZM10.7259 12.6164L10.8265 12.7276L10.8266 12.7276L10.7259 12.6164ZM10.2737 12.6161L10.1728 12.7272L10.1729 12.7272L10.2737 12.6161ZM2.24897 5.33124L2.3498 5.22018L2.09897 4.99248V5.33124H2.24897ZM18.9685 4.05H2.03132V4.35H18.9685V4.05ZM19.4699 4.5881C19.4699 4.30529 19.2591 4.05 18.9685 4.05V4.35C19.066 4.35 19.1699 4.44223 19.1699 4.58815L19.4699 4.5881ZM19.4699 14.8148V4.58813H19.1699V14.8148H19.4699ZM17.5227 16.95C18.6102 16.95 19.4699 15.9779 19.4699 14.8148H19.1699C19.1699 15.841 18.4172 16.65 17.5227 16.65V16.95ZM3.47718 16.95H17.5227V16.65H3.47718V16.95ZM1.52993 14.8148C1.52993 15.9779 2.3896 16.95 3.47718 16.95V16.65C2.58267 16.65 1.82993 15.841 1.82993 14.8148H1.52993ZM1.52993 4.58813V14.8148H1.82993V4.58813H1.52993ZM2.03132 4.05C1.74076 4.05 1.52993 4.30529 1.52993 4.58813H1.82993C1.82993 4.44223 1.9338 4.35 2.03132 4.35V4.05ZM18.6009 14.9032C18.6009 15.5156 18.1548 15.9868 17.6384 15.9868V16.2868C18.3489 16.2868 18.9009 15.6513 18.9009 14.9032H18.6009ZM18.6009 4.86315V14.9032H18.9009V4.86315H18.6009ZM2.86114 5.01315H18.7509V4.71315H2.86114V5.01315ZM10.601 11.6869L2.96196 4.75209L2.76031 4.97422L10.3993 11.9091L10.601 11.6869ZM16.3827 6.26726L10.3995 11.6868L10.6009 11.9092L16.5841 6.48961L16.3827 6.26726ZM17.1067 6.34561C16.9312 6.10744 16.6038 6.06689 16.3827 6.26728L16.5841 6.48959C16.6685 6.41308 16.791 6.42287 16.8652 6.52357L17.1067 6.34561ZM17.036 7.10308C17.2476 6.91132 17.2757 6.57503 17.1067 6.34564L16.8652 6.52354C16.9458 6.63302 16.9285 6.79569 16.8346 6.88076L17.036 7.10308ZM10.8266 12.7276L17.036 7.10309L16.8346 6.88074L10.6252 12.5052L10.8266 12.7276ZM10.4999 12.8557C10.6179 12.8557 10.7337 12.8116 10.8265 12.7276L10.6252 12.5052C10.5865 12.5402 10.5421 12.5557 10.4999 12.5557V12.8557ZM10.1729 12.7272C10.2658 12.8115 10.3817 12.8557 10.4999 12.8557V12.5557C10.4577 12.5557 10.4132 12.5402 10.3744 12.505L10.1729 12.7272ZM2.14815 5.4423L10.1728 12.7272L10.3745 12.5051L2.3498 5.22018L2.14815 5.4423ZM2.39897 14.9032V5.33124H2.09897V14.9032H2.39897ZM3.36145 15.9868C2.84508 15.9868 2.39897 15.5155 2.39897 14.9032H2.09897C2.09897 15.6513 2.65096 16.2868 3.36145 16.2868V15.9868ZM17.6384 15.9868H3.36145V16.2868H17.6384V15.9868Z\" fill=\"#7E8590\"\/>\n<\/svg>\n\t\t\t<\/div>\n\t\t<\/div>\n\t<\/div>\n\t<h3>Meddelande<\/h3>\n\t<div class=\"form__group\">\n\t\t<div class=\"field\">\n\t\t\t<textarea name=\"message\" id=\"message\" rows=\"7\" placeholder=\" \"><\/textarea>\n\t\t\t<label id=\"message\">Jag skulle vilja veta\u2026<\/label>\n\t\t<\/div>\n\t<\/div>\n\t<div class=\"form__group\">\n\t\t<div class=\"field field--right\">\n\t\t<button type=\"submit\" class=\"btn btn--primary\">S\u00e4nd meddelande<\/button>\n\t\t<\/div>\n\t<\/div>\n<\/form>\n\n\t\t<div class=\"contact-form__response\">\n\t\t\t<div class=\"response-message response-message--loader\">\n\t\t\t\t\n<div class=\"circle-loader\"><span><\/span><\/div>\n\t\t\t<\/div>\n\t\t\t<div class=\"response-message response-message--success\">\n\t\t\t\tTack f\u00f6r att du kontaktade oss, vi \u00e5terkommer s\u00e5 snart som m\u00f6jligt\t\t\t<\/div>\n\t\t\t<div class=\"response-message response-message--failed\">\n\t\t\t\tN\u00e5got gick fel, f\u00f6rs\u00f6k att ringa oss \t\t\t\t<a href=\"tel:\">+46 (0) 8-446 893 42<\/a>\n\t\t\t\t eller skriv direkt till \t\t\t\t<a href=\"mailto:resa@dbpadventures.com\">resa@dbpadventures.com<\/a>\n\t\t\t<\/div>\n\t\t<\/div>\n\t<\/div>\n<\/div>\n\n\t\t\t\t<\/div>\n\t\t\t<\/div>\n\t\t<\/div>\n\n\t<\/div>\n<\/div>\n\n\n\t<div class=\"block block--image gallery--block\">\n\t\t<div class=\"image\">\n    \t\t<div class=\"container\">\n            \t<div class=\"row\">\n\t\t\t\t\t<div class=\"col-md-8 offset-md-2 image__container\">\n\n\n\t\t\t\t\t\t\n\t\t\t\t\t\t\t<div class=\"obj-fit image__element\">\n\t\t\t\t\t\t\t\t<img decoding=\"async\" src=\"https:\/\/dbpadventures.com\/se\/wp-content\/uploads\/sites\/5\/2021\/08\/Destinationer_Svenska_surf_mtb_skidor_snowboard_20210828-768x768.jpg\" srcset=\"https:\/\/dbpadventures.com\/se\/wp-content\/uploads\/sites\/5\/2021\/08\/Destinationer_Svenska_surf_mtb_skidor_snowboard_20210828-768x768.jpg 768w, https:\/\/dbpadventures.com\/se\/wp-content\/uploads\/sites\/5\/2021\/08\/Destinationer_Svenska_surf_mtb_skidor_snowboard_20210828-300x300.jpg 300w, https:\/\/dbpadventures.com\/se\/wp-content\/uploads\/sites\/5\/2021\/08\/Destinationer_Svenska_surf_mtb_skidor_snowboard_20210828-1024x1024.jpg 1024w, https:\/\/dbpadventures.com\/se\/wp-content\/uploads\/sites\/5\/2021\/08\/Destinationer_Svenska_surf_mtb_skidor_snowboard_20210828-150x150.jpg 150w, https:\/\/dbpadventures.com\/se\/wp-content\/uploads\/sites\/5\/2021\/08\/Destinationer_Svenska_surf_mtb_skidor_snowboard_20210828-1536x1536.jpg 1536w, https:\/\/dbpadventures.com\/se\/wp-content\/uploads\/sites\/5\/2021\/08\/Destinationer_Svenska_surf_mtb_skidor_snowboard_20210828-2048x2048.jpg 2048w, https:\/\/dbpadventures.com\/se\/wp-content\/uploads\/sites\/5\/2021\/08\/Destinationer_Svenska_surf_mtb_skidor_snowboard_20210828-1600x1600.jpg 1600w\" sizes=\"(max-width: 100vw) 1200, 1200\" alt=\"\">\n\t\t\t\t\t\t\t<\/div>\n\n\t\t\t\t\t\t\n\t\t\t\t\t\t\t<div class=\"obj-fit image__element\">\n\t\t\t\t\t\t\t\t<img decoding=\"async\" src=\"https:\/\/dbpadventures.com\/se\/wp-content\/uploads\/sites\/5\/2021\/08\/Destinationer_Svenska_surf_mtb_skidor_snowboard_202108282-768x768.jpg\" srcset=\"https:\/\/dbpadventures.com\/se\/wp-content\/uploads\/sites\/5\/2021\/08\/Destinationer_Svenska_surf_mtb_skidor_snowboard_202108282-768x768.jpg 768w, https:\/\/dbpadventures.com\/se\/wp-content\/uploads\/sites\/5\/2021\/08\/Destinationer_Svenska_surf_mtb_skidor_snowboard_202108282-300x300.jpg 300w, https:\/\/dbpadventures.com\/se\/wp-content\/uploads\/sites\/5\/2021\/08\/Destinationer_Svenska_surf_mtb_skidor_snowboard_202108282-1024x1024.jpg 1024w, https:\/\/dbpadventures.com\/se\/wp-content\/uploads\/sites\/5\/2021\/08\/Destinationer_Svenska_surf_mtb_skidor_snowboard_202108282-150x150.jpg 150w, https:\/\/dbpadventures.com\/se\/wp-content\/uploads\/sites\/5\/2021\/08\/Destinationer_Svenska_surf_mtb_skidor_snowboard_202108282-1536x1536.jpg 1536w, https:\/\/dbpadventures.com\/se\/wp-content\/uploads\/sites\/5\/2021\/08\/Destinationer_Svenska_surf_mtb_skidor_snowboard_202108282-2048x2048.jpg 2048w, https:\/\/dbpadventures.com\/se\/wp-content\/uploads\/sites\/5\/2021\/08\/Destinationer_Svenska_surf_mtb_skidor_snowboard_202108282-1600x1600.jpg 1600w\" sizes=\"(max-width: 100vw) 1200, 1200\" alt=\"\">\n\t\t\t\t\t\t\t<\/div>\n\n\t\t\t\t\t\t\n\t\t\t\t\t\t\t<div class=\"obj-fit image__element\">\n\t\t\t\t\t\t\t\t<img decoding=\"async\" src=\"https:\/\/dbpadventures.com\/se\/wp-content\/uploads\/sites\/5\/2021\/08\/Destinationer_Svenska_surf_mtb_skidor_snowboard_202108283-768x768.jpg\" srcset=\"https:\/\/dbpadventures.com\/se\/wp-content\/uploads\/sites\/5\/2021\/08\/Destinationer_Svenska_surf_mtb_skidor_snowboard_202108283-768x768.jpg 768w, https:\/\/dbpadventures.com\/se\/wp-content\/uploads\/sites\/5\/2021\/08\/Destinationer_Svenska_surf_mtb_skidor_snowboard_202108283-300x300.jpg 300w, https:\/\/dbpadventures.com\/se\/wp-content\/uploads\/sites\/5\/2021\/08\/Destinationer_Svenska_surf_mtb_skidor_snowboard_202108283-1024x1024.jpg 1024w, https:\/\/dbpadventures.com\/se\/wp-content\/uploads\/sites\/5\/2021\/08\/Destinationer_Svenska_surf_mtb_skidor_snowboard_202108283-150x150.jpg 150w, https:\/\/dbpadventures.com\/se\/wp-content\/uploads\/sites\/5\/2021\/08\/Destinationer_Svenska_surf_mtb_skidor_snowboard_202108283-1536x1536.jpg 1536w, https:\/\/dbpadventures.com\/se\/wp-content\/uploads\/sites\/5\/2021\/08\/Destinationer_Svenska_surf_mtb_skidor_snowboard_202108283-2048x2048.jpg 2048w, https:\/\/dbpadventures.com\/se\/wp-content\/uploads\/sites\/5\/2021\/08\/Destinationer_Svenska_surf_mtb_skidor_snowboard_202108283-1600x1600.jpg 1600w\" sizes=\"(max-width: 100vw) 1200, 1200\" alt=\"\">\n\t\t\t\t\t\t\t<\/div>\n\n\t\t\t\t\t\t\n\t\t\t\t\t\t\t<div class=\"obj-fit image__element\">\n\t\t\t\t\t\t\t\t<img decoding=\"async\" src=\"https:\/\/dbpadventures.com\/se\/wp-content\/uploads\/sites\/5\/2021\/08\/Destinationer_Svenska_surf_mtb_skidor_snowboard_202108284-768x768.jpg\" srcset=\"https:\/\/dbpadventures.com\/se\/wp-content\/uploads\/sites\/5\/2021\/08\/Destinationer_Svenska_surf_mtb_skidor_snowboard_202108284-768x768.jpg 768w, https:\/\/dbpadventures.com\/se\/wp-content\/uploads\/sites\/5\/2021\/08\/Destinationer_Svenska_surf_mtb_skidor_snowboard_202108284-300x300.jpg 300w, https:\/\/dbpadventures.com\/se\/wp-content\/uploads\/sites\/5\/2021\/08\/Destinationer_Svenska_surf_mtb_skidor_snowboard_202108284-1024x1024.jpg 1024w, https:\/\/dbpadventures.com\/se\/wp-content\/uploads\/sites\/5\/2021\/08\/Destinationer_Svenska_surf_mtb_skidor_snowboard_202108284-150x150.jpg 150w, https:\/\/dbpadventures.com\/se\/wp-content\/uploads\/sites\/5\/2021\/08\/Destinationer_Svenska_surf_mtb_skidor_snowboard_202108284-1536x1536.jpg 1536w, https:\/\/dbpadventures.com\/se\/wp-content\/uploads\/sites\/5\/2021\/08\/Destinationer_Svenska_surf_mtb_skidor_snowboard_202108284-2048x2048.jpg 2048w, https:\/\/dbpadventures.com\/se\/wp-content\/uploads\/sites\/5\/2021\/08\/Destinationer_Svenska_surf_mtb_skidor_snowboard_202108284-1600x1600.jpg 1600w\" sizes=\"(max-width: 100vw) 1200, 1200\" alt=\"\">\n\t\t\t\t\t\t\t<\/div>\n\n\t\t\t\t\t\t\n\t\t\t\t\t\t\t<div class=\"obj-fit image__element\">\n\t\t\t\t\t\t\t\t<img decoding=\"async\" src=\"https:\/\/dbpadventures.com\/se\/wp-content\/uploads\/sites\/5\/2021\/08\/Destinationer_Svenska_surf_mtb_skidor_snowboard_202108285-768x768.jpg\" srcset=\"https:\/\/dbpadventures.com\/se\/wp-content\/uploads\/sites\/5\/2021\/08\/Destinationer_Svenska_surf_mtb_skidor_snowboard_202108285-768x768.jpg 768w, https:\/\/dbpadventures.com\/se\/wp-content\/uploads\/sites\/5\/2021\/08\/Destinationer_Svenska_surf_mtb_skidor_snowboard_202108285-300x300.jpg 300w, https:\/\/dbpadventures.com\/se\/wp-content\/uploads\/sites\/5\/2021\/08\/Destinationer_Svenska_surf_mtb_skidor_snowboard_202108285-1024x1024.jpg 1024w, https:\/\/dbpadventures.com\/se\/wp-content\/uploads\/sites\/5\/2021\/08\/Destinationer_Svenska_surf_mtb_skidor_snowboard_202108285-150x150.jpg 150w, https:\/\/dbpadventures.com\/se\/wp-content\/uploads\/sites\/5\/2021\/08\/Destinationer_Svenska_surf_mtb_skidor_snowboard_202108285-1536x1536.jpg 1536w, https:\/\/dbpadventures.com\/se\/wp-content\/uploads\/sites\/5\/2021\/08\/Destinationer_Svenska_surf_mtb_skidor_snowboard_202108285-2048x2048.jpg 2048w, https:\/\/dbpadventures.com\/se\/wp-content\/uploads\/sites\/5\/2021\/08\/Destinationer_Svenska_surf_mtb_skidor_snowboard_202108285-1600x1600.jpg 1600w\" sizes=\"(max-width: 100vw) 1200, 1200\" alt=\"\">\n\t\t\t\t\t\t\t<\/div>\n\n\t\t\t\t\t\t\n\t\t\t\t\t\t\t<div class=\"obj-fit image__element\">\n\t\t\t\t\t\t\t\t<img decoding=\"async\" src=\"https:\/\/dbpadventures.com\/se\/wp-content\/uploads\/sites\/5\/2021\/08\/Destinationer_Svenska_surf_mtb_skidor_snowboard_202108286-768x768.jpg\" srcset=\"https:\/\/dbpadventures.com\/se\/wp-content\/uploads\/sites\/5\/2021\/08\/Destinationer_Svenska_surf_mtb_skidor_snowboard_202108286-768x768.jpg 768w, https:\/\/dbpadventures.com\/se\/wp-content\/uploads\/sites\/5\/2021\/08\/Destinationer_Svenska_surf_mtb_skidor_snowboard_202108286-300x300.jpg 300w, https:\/\/dbpadventures.com\/se\/wp-content\/uploads\/sites\/5\/2021\/08\/Destinationer_Svenska_surf_mtb_skidor_snowboard_202108286-1024x1024.jpg 1024w, https:\/\/dbpadventures.com\/se\/wp-content\/uploads\/sites\/5\/2021\/08\/Destinationer_Svenska_surf_mtb_skidor_snowboard_202108286-150x150.jpg 150w, https:\/\/dbpadventures.com\/se\/wp-content\/uploads\/sites\/5\/2021\/08\/Destinationer_Svenska_surf_mtb_skidor_snowboard_202108286-1536x1536.jpg 1536w, https:\/\/dbpadventures.com\/se\/wp-content\/uploads\/sites\/5\/2021\/08\/Destinationer_Svenska_surf_mtb_skidor_snowboard_202108286-2048x2048.jpg 2048w, https:\/\/dbpadventures.com\/se\/wp-content\/uploads\/sites\/5\/2021\/08\/Destinationer_Svenska_surf_mtb_skidor_snowboard_202108286-1600x1600.jpg 1600w\" sizes=\"(max-width: 100vw) 1200, 1200\" alt=\"\">\n\t\t\t\t\t\t\t<\/div>\n\n\t\t\t\t\t\t\n\t\t\t\t\t\t\t<div class=\"obj-fit image__element\">\n\t\t\t\t\t\t\t\t<img decoding=\"async\" src=\"https:\/\/dbpadventures.com\/se\/wp-content\/uploads\/sites\/5\/2021\/08\/Destinationer_Svenska_surf_mtb_skidor_snowboard_202108287-768x768.jpg\" srcset=\"https:\/\/dbpadventures.com\/se\/wp-content\/uploads\/sites\/5\/2021\/08\/Destinationer_Svenska_surf_mtb_skidor_snowboard_202108287-768x768.jpg 768w, https:\/\/dbpadventures.com\/se\/wp-content\/uploads\/sites\/5\/2021\/08\/Destinationer_Svenska_surf_mtb_skidor_snowboard_202108287-300x300.jpg 300w, https:\/\/dbpadventures.com\/se\/wp-content\/uploads\/sites\/5\/2021\/08\/Destinationer_Svenska_surf_mtb_skidor_snowboard_202108287-1024x1024.jpg 1024w, https:\/\/dbpadventures.com\/se\/wp-content\/uploads\/sites\/5\/2021\/08\/Destinationer_Svenska_surf_mtb_skidor_snowboard_202108287-150x150.jpg 150w, https:\/\/dbpadventures.com\/se\/wp-content\/uploads\/sites\/5\/2021\/08\/Destinationer_Svenska_surf_mtb_skidor_snowboard_202108287-1536x1536.jpg 1536w, https:\/\/dbpadventures.com\/se\/wp-content\/uploads\/sites\/5\/2021\/08\/Destinationer_Svenska_surf_mtb_skidor_snowboard_202108287-2048x2048.jpg 2048w, https:\/\/dbpadventures.com\/se\/wp-content\/uploads\/sites\/5\/2021\/08\/Destinationer_Svenska_surf_mtb_skidor_snowboard_202108287-1600x1600.jpg 1600w\" sizes=\"(max-width: 100vw) 1200, 1200\" alt=\"\">\n\t\t\t\t\t\t\t<\/div>\n\n\t\t\t\t\t\t\n\t\t\t\t\t<\/div>\n\t\t\t\t<\/div>\n\t\t\t<\/div>\n\t\t<\/div>\n\t<\/div>\n\t\n\n<div class=\"block block--paragraph\">\n\t<div class=\"paragraph\">\n    \t<div class=\"container\">\n            <div class=\"row\">\n\t\t\t\t<div class=\"col-md-8 offset-md-2\">\n\t\t\t\t\t<p style=\"text-align: center;\">Ni best\u00e4mmer sj\u00e4lva om er resa ska inneh\u00e5lla flest aktiviteter, mest seminarium \/ kurs, mer avkoppling &#8211; eller lite av det hela. Ring eller skriv till oss s\u00e5 kan vi planera den perfekta f\u00f6retagsresan f\u00f6r er.<\/p>\n<p style=\"text-align: center;\"><strong>Ren\u00e9 Brask, ansvarig f\u00f6r v\u00e5ra f\u00f6retagsresor<\/strong><\/p>\n<p style=\"text-align: center;\">Telefon: <a href=\"tel:+4522282967\">+45 22 28 29 67<\/a> Email: <a href=\"mailto:rene@debredeplanker.dk\">rene@debredeplanker.dk<\/a><\/p>\n<p style=\"text-align: center;\">\n\t\t\t\t<\/div>\n\t\t\t<\/div>\n\t\t<\/div>\n\t<\/div>\n<\/div>\n\n\n<div class=\"block block--contact-form\">\n    <div class=\"container\">\n        <div class=\"contact-form\">\n            <div class=\"row\">\n                <div class=\"col-sm\">\n                    <div class=\"obj-fit contact__container\">\n                        <img decoding=\"async\" class=\"contact__container__image\" src=\"https:\/\/dbpadventures.com\/se\/wp-content\/uploads\/sites\/5\/2020\/09\/Marocko_Imi_Ouddar_dbp_adventures_surfing_surfcamp_surfundervisning_lyxig_kamel-1024x1024.png\" srcset=\"https:\/\/dbpadventures.com\/se\/wp-content\/uploads\/sites\/5\/2020\/09\/Marocko_Imi_Ouddar_dbp_adventures_surfing_surfcamp_surfundervisning_lyxig_kamel-1024x1024.png 1024w, https:\/\/dbpadventures.com\/se\/wp-content\/uploads\/sites\/5\/2020\/09\/Marocko_Imi_Ouddar_dbp_adventures_surfing_surfcamp_surfundervisning_lyxig_kamel-300x300.png 300w, https:\/\/dbpadventures.com\/se\/wp-content\/uploads\/sites\/5\/2020\/09\/Marocko_Imi_Ouddar_dbp_adventures_surfing_surfcamp_surfundervisning_lyxig_kamel-150x150.png 150w, https:\/\/dbpadventures.com\/se\/wp-content\/uploads\/sites\/5\/2020\/09\/Marocko_Imi_Ouddar_dbp_adventures_surfing_surfcamp_surfundervisning_lyxig_kamel-768x768.png 768w, https:\/\/dbpadventures.com\/se\/wp-content\/uploads\/sites\/5\/2020\/09\/Marocko_Imi_Ouddar_dbp_adventures_surfing_surfcamp_surfundervisning_lyxig_kamel.png 1080w\" sizes=\"(max-width: 100vw) 1200, 1200\" alt=\"\">\n                    <\/div>\n                    <div class=\"contact-form__container\">\n                        <h2 class=\"contact-form__title\">L\u00e5t oss f\u00e5 inspirera er&#8230;<\/h2>\n\t\t\t\t\t\t<p class=\"contact-form__paragraph\"><\/p>\n\n                        <div class=\"form-wrapper\">\n\t\t\t\t\t\t\t<form class=\"sendmail--call\" action=\"post\">\n\t\t\t\t\t\t\t\t<input type=\"hidden\" name=\"action\" value=\"oak_sendmail\">\n\t\t\t\t\t\t\t\t<div class=\"form__group\">\n\t\t\t\t\t\t\t\t\t<div class=\"field\">\n\t\t\t\t\t\t\t\t\t\t<input type=\"text\" id=\"callme__name\" name=\"name\" placeholder=\" \">\n\t\t\t\t\t\t\t\t\t\t<label for=\"callme__name\">Namn<\/label>\n\t\t\t\t\t\t\t\t\t<\/div>\n\t\t\t\t\t\t\t\t\t<div class=\"field\">\n\t\t\t\t\t\t\t\t\t\t<input type=\"tel\" id=\"callme__phone\" name=\"phone\" placeholder=\" \">\n\t\t\t\t\t\t\t\t\t\t<label for=\"callme__phone\">Telefon<\/label>\n\t\t\t\t\t\t\t\t\t<\/div>\n\t\t\t\t\t\t\t\t<\/div>\n\t\t\t\t\t\t\t\t<div class=\"form__group\">\n\t\t\t\t\t\t\t\t\t<div class=\"field\">\n\t\t\t\t\t\t\t\t\t\t<button type=\"submit\" class=\"btn btn--primary\">Ring mig<\/button>\n\t\t\t\t\t\t\t\t\t<\/div>\n\t\t\t\t\t\t\t\t<\/div>\n\t\t\t\t\t\t\t<\/form>\n\n\t\t\t\t\t\t\t<div class=\"contact-form__response\">\n\t\t\t\t\t\t\t\t<div class=\"response-message response-message--loader\">\n\t\t\t\t\t\t\t\t\t\n<div class=\"circle-loader\"><span><\/span><\/div>\n\t\t\t\t\t\t\t\t<\/div>\n\t\t\t\t\t\t\t\t<div class=\"response-message response-message--success\">\n\t\t\t\t\t\t\t\t\tTack f\u00f6r att du kontaktade oss, vi \u00e5terkommer s\u00e5 snart som m\u00f6jligt\t\t\t\t\t\t\t\t<\/div>\n\t\t\t\t\t\t\t\t<div class=\"response-message response-message--failed\">\n\t\t\t\t\t\t\t\t\tN\u00e5got gick fel, f\u00f6rs\u00f6k att ringa oss \t\t\t\t\t\t\t\t\t<a href=\"tel:+46(0)8-44689342\">+46 (0) 8-446 893 42<\/a>\n\t\t\t\t\t\t\t\t\t eller skriv direkt till \t\t\t\t\t\t\t\t\t<a href=\"mailto:resa@dbpadventures.com\">resa@dbpadventures.com<\/a>\n\t\t\t\t\t\t\t\t<\/div>\n\t\t\t\t\t\t\t<\/div>\n\t\t\t\t\t\t<\/div>\n                    <\/div>\n                <\/div>\n            <\/div>\n        <\/div>\n    <\/div>\n<\/div>\n","protected":false},"excerpt":{"rendered":"","protected":false},"author":5,"featured_media":0,"parent":0,"menu_order":0,"comment_status":"closed","ping_status":"closed","template":"","meta":{"_acf_changed":false,"footnotes":""},"class_list":["post-5681","page","type-page","status-publish","hentry"],"acf":[],"_links":{"self":[{"href":"https:\/\/dbpadventures.com\/se\/wp-json\/wp\/v2\/pages\/5681","targetHints":{"allow":["GET"]}}],"collection":[{"href":"https:\/\/dbpadventures.com\/se\/wp-json\/wp\/v2\/pages"}],"about":[{"href":"https:\/\/dbpadventures.com\/se\/wp-json\/wp\/v2\/types\/page"}],"author":[{"embeddable":true,"href":"https:\/\/dbpadventures.com\/se\/wp-json\/wp\/v2\/users\/5"}],"replies":[{"embeddable":true,"href":"https:\/\/dbpadventures.com\/se\/wp-json\/wp\/v2\/comments?post=5681"}],"version-history":[{"count":10,"href":"https:\/\/dbpadventures.com\/se\/wp-json\/wp\/v2\/pages\/5681\/revisions"}],"predecessor-version":[{"id":5733,"href":"https:\/\/dbpadventures.com\/se\/wp-json\/wp\/v2\/pages\/5681\/revisions\/5733"}],"wp:attachment":[{"href":"https:\/\/dbpadventures.com\/se\/wp-json\/wp\/v2\/media?parent=5681"}],"curies":[{"name":"wp","href":"https:\/\/api.w.org\/{rel}","templated":true}]}}