{"id":9476,"date":"2024-12-09T08:09:05","date_gmt":"2024-12-09T08:09:05","guid":{"rendered":"https:\/\/dbpadventures.com\/se\/?page_id=9476"},"modified":"2024-12-11T15:02:32","modified_gmt":"2024-12-11T15:02:32","slug":"skraddarsytt-surfaventyr","status":"publish","type":"page","link":"https:\/\/dbpadventures.com\/se\/skraddarsytt-surfaventyr\/","title":{"rendered":"Skr\u00e4ddarsydda surfresor"},"content":{"rendered":"<div class=\"block block--hero-master\">\n    <div class=\"hero-master-wrapper obj-fit\">\n\t\t\n\t\t\t<img decoding=\"async\" class=\"hero-master-background\" src=\"https:\/\/dbpadventures.com\/se\/wp-content\/uploads\/sites\/5\/2024\/12\/surf-spirit-bob-sala-571-1024x1024.jpg\" srcset=\"https:\/\/dbpadventures.com\/se\/wp-content\/uploads\/sites\/5\/2024\/12\/surf-spirit-bob-sala-571-1024x1024.jpg 1024w, https:\/\/dbpadventures.com\/se\/wp-content\/uploads\/sites\/5\/2024\/12\/surf-spirit-bob-sala-571-300x300.jpg 300w, https:\/\/dbpadventures.com\/se\/wp-content\/uploads\/sites\/5\/2024\/12\/surf-spirit-bob-sala-571-150x150.jpg 150w, https:\/\/dbpadventures.com\/se\/wp-content\/uploads\/sites\/5\/2024\/12\/surf-spirit-bob-sala-571-768x768.jpg 768w, https:\/\/dbpadventures.com\/se\/wp-content\/uploads\/sites\/5\/2024\/12\/surf-spirit-bob-sala-571.jpg 1080w\" sizes=\"(max-width: 100vw) 100vw, 100vw\" alt=\"surf\u00e4ventyr och ute i lineupen\">\n\n\t\t\n        <div class=\"hero-master-background__gradient\"><\/div>\n        <div class=\"hero-master-wrapper__bottom\"><\/div>\n        <div class=\"hero__diagonal\"><\/div>\n        <div class=\"container\">\n            <div class=\"hero-master\">\n                <div class=\"row\">\n                    <div class=\"col-sm hero-master__col\">\n\n\t\t\t\t\t\t<h1 class=\"hero-master_title\">Skr\u00e4ddarsydda surfresor <\/h1>\n\n\t\t\t\t\t\t\n\t\t\t\t\t\t\n\t\t\t\t\t\t\n                    <\/div>\n                <\/div>\n            <\/div>\n        <\/div>\n    <\/div>\n<\/div>\n\n\n\n<div class=\"block block--trip-details\">\n\t<div class=\"trip-details\">\n\n\t\t<div class=\"ratings__scroll-indicator\">\n\t\t\t<div class=\"horizontal-line\"><\/div>\n\t\t<\/div>\n\n\t\t<div class=\"container\">\n\t\t\t<div class=\"row\">\n\t\t\t\t<div class=\"col-sm-12 col-md-6\">\n\t\t\t\t\t<div class=\"trip-details__container\">\n\t\t\t\t\t\t<div class=\"trip-details__header\">\n\t\t\t\t\t\t\t<h2 class=\"trip-details__title\">EN SKR\u00c4DDARSYDD SURFRESA SKAPAD F\u00d6R DIG<\/h2>\n\t\t\t\t\t\t\t<div class=\"trip-details__icon\">\n\t\t\t\t\t\t\t\t    \n\t\t\t\t\t\t\t<\/div>\n\t\t\t\t\t\t\t\n\t\t\t\t\t\t<\/div>\n\n\t\t\t\t\t\t\n\t\t\t\t\t\t<div class=\"trip-details__paragraph\"><p>Dr\u00f6mmer du om privat surfguidning i Portugal eller kanske om de perfekta v\u00e5gorna i Maldiverna?<\/p>\n<p>Vi skr\u00e4ddarsyr unika surf\u00e4ventyr som matchar dina \u00f6nskem\u00e5l och kombinerar dem med andra aktiviteter som du alltid velat testa p\u00e5. V\u00e5ra skr\u00e4ddarsydda surfresor ser dessutom till att du kan uppt\u00e4cka lokala kulturer samtidigt som du letar efter dolda surfspots du tidigare aldrig hade h\u00f6rt talas om.<\/p>\n<p>Oavsett om du \u00e4r nyb\u00f6rjare, medelgod eller avancerad surfare kan vi kombinera surfen med yoga, snorkling och guidade turer i n\u00e4rliggande omr\u00e5den s\u00e5som nationalparker.<\/p>\n<p>Kontakta oss s\u00e5 kan vi b\u00f6rja planera ditt n\u00e4sta \u00e4ventyr och hj\u00e4lpa dig skapa minnen som du sent kommer gl\u00f6mma.<\/p>\n<h2>Ditt n\u00e4sta surf\u00e4ventyr kan ta dig till&#8230;<\/h2>\n \n\t\t\t\t\t\t\t\t\t\t\t\t\t<\/div>\n\n\t\t\t\t\t<\/div>\n\n\t\t\t\t\t\n\t\t\t\t<\/div>\n\n\t\t\t\t<div class=\"offset-md-1 col-md-5\">\n\n\t\t\t\t\t\n<div class=\"trip-contact-component\">\n\t<div class=\"form__wrapper\">\n\t\t\n<form class=\"contact__form\">\n\t<input type=\"hidden\" name=\"action\" value=\"oak_sendmail\">\n\t<h3>Din information<\/h3>\n\t<div class=\"form__group\">\n\t\t<div class=\"field\">\n\t\t\t<input type=\"text\" id=\"firstname\" class=\"input--icon\" name=\"firstname\" placeholder=\" \">\n\t\t\t<label for=\"firstname\" class=\"label--icon\">F\u00f6rnamn<\/label>\n\t\t\t<div class=\"field__icon\">\n\t\t\t\t<svg width=\"25\" height=\"25\" viewBox=\"0 0 25 25\" fill=\"none\" xmlns=\"http:\/\/www.w3.org\/2000\/svg\">\n<path fill-rule=\"evenodd\" clip-rule=\"evenodd\" d=\"M7 15.5C5.61929 15.5 4.5 16.6193 4.5 18V21H3.5V18C3.5 16.067 5.067 14.5 7 14.5H18C19.933 14.5 21.5 16.067 21.5 18V21H20.5V18C20.5 16.6193 19.3807 15.5 18 15.5H7Z\" fill=\"#7E8590\"\/>\n<path fill-rule=\"evenodd\" clip-rule=\"evenodd\" d=\"M12.5 12C14.433 12 16 10.433 16 8.5C16 6.567 14.433 5 12.5 5C10.567 5 9 6.567 9 8.5C9 10.433 10.567 12 12.5 12ZM12.5 13C14.9853 13 17 10.9853 17 8.5C17 6.01472 14.9853 4 12.5 4C10.0147 4 8 6.01472 8 8.5C8 10.9853 10.0147 13 12.5 13Z\" fill=\"#7E8590\"\/>\n<\/svg>\n\t\t\t<\/div>\n\t\t<\/div>\n\t\t<div class=\"field\">\n\t\t\t<input type=\"tel\" id=\"lastname\" class=\"input--icon\" name=\"lastname\" placeholder=\" \">\n\t\t\t<label for=\"lastname\" class=\"label--icon\">Efternamn<\/label>\n\t\t\t<div class=\"field__icon\">\n\t\t\t\t<svg width=\"25\" height=\"25\" viewBox=\"0 0 25 25\" fill=\"none\" xmlns=\"http:\/\/www.w3.org\/2000\/svg\">\n<path fill-rule=\"evenodd\" clip-rule=\"evenodd\" d=\"M7 15.5C5.61929 15.5 4.5 16.6193 4.5 18V21H3.5V18C3.5 16.067 5.067 14.5 7 14.5H18C19.933 14.5 21.5 16.067 21.5 18V21H20.5V18C20.5 16.6193 19.3807 15.5 18 15.5H7Z\" fill=\"#7E8590\"\/>\n<path fill-rule=\"evenodd\" clip-rule=\"evenodd\" d=\"M12.5 12C14.433 12 16 10.433 16 8.5C16 6.567 14.433 5 12.5 5C10.567 5 9 6.567 9 8.5C9 10.433 10.567 12 12.5 12ZM12.5 13C14.9853 13 17 10.9853 17 8.5C17 6.01472 14.9853 4 12.5 4C10.0147 4 8 6.01472 8 8.5C8 10.9853 10.0147 13 12.5 13Z\" fill=\"#7E8590\"\/>\n<\/svg>\n\t\t\t<\/div>\n\t\t<\/div>\n\t<\/div>\n\t<div class=\"form__group\">\n\t\t<div class=\"field\">\n\t\t\t<input type=\"email\" id=\"email\" class=\"input--icon\" name=\"email\" placeholder=\" \">\n\t\t\t<label for=\"email\" class=\"label--icon\">E-post<\/label>\n\t\t\t<div class=\"field__icon\">\n\t\t\t\t<svg width=\"21\" height=\"21\" viewBox=\"0 0 21 21\" fill=\"none\" xmlns=\"http:\/\/www.w3.org\/2000\/svg\">\n<path fill-rule=\"evenodd\" clip-rule=\"evenodd\" d=\"M2.03132 4.2H18.9685C19.1625 4.2 19.3199 4.37376 19.3199 4.58813V14.8148C19.3199 15.9095 18.5137 16.8 17.5227 16.8H3.47718C2.48613 16.8 1.67993 15.9095 1.67993 14.8148V4.58813C1.67993 4.37376 1.83728 4.2 2.03132 4.2ZM17.6384 16.1368C18.2519 16.1368 18.7509 15.5834 18.7509 14.9032V4.86315H2.86114L10.5002 11.798L16.4834 6.37843C16.6362 6.23999 16.8611 6.26515 16.986 6.43459C17.1107 6.60403 17.088 6.85351 16.9353 6.99192L10.7259 12.6164C10.6601 12.6759 10.58 12.7057 10.4999 12.7057C10.4197 12.7057 10.3395 12.6759 10.2737 12.6161L2.24897 5.33124V14.9032C2.24897 15.5834 2.74802 16.1368 3.36145 16.1368H17.6384Z\" fill=\"#7E8590\"\/>\n<path d=\"M19.3199 4.58813H19.4699V4.5881L19.3199 4.58813ZM18.7509 4.86315H18.9009V4.71315H18.7509V4.86315ZM2.86114 4.86315V4.71315H2.47274L2.76031 4.97422L2.86114 4.86315ZM10.5002 11.798L10.3993 11.9091L10.5001 12.0005L10.6009 11.9092L10.5002 11.798ZM16.4834 6.37843L16.5841 6.48961L16.5841 6.48959L16.4834 6.37843ZM16.986 6.43459L17.1067 6.34564L17.1067 6.34561L16.986 6.43459ZM16.9353 6.99192L17.036 7.10309L17.036 7.10308L16.9353 6.99192ZM10.7259 12.6164L10.8265 12.7276L10.8266 12.7276L10.7259 12.6164ZM10.2737 12.6161L10.1728 12.7272L10.1729 12.7272L10.2737 12.6161ZM2.24897 5.33124L2.3498 5.22018L2.09897 4.99248V5.33124H2.24897ZM18.9685 4.05H2.03132V4.35H18.9685V4.05ZM19.4699 4.5881C19.4699 4.30529 19.2591 4.05 18.9685 4.05V4.35C19.066 4.35 19.1699 4.44223 19.1699 4.58815L19.4699 4.5881ZM19.4699 14.8148V4.58813H19.1699V14.8148H19.4699ZM17.5227 16.95C18.6102 16.95 19.4699 15.9779 19.4699 14.8148H19.1699C19.1699 15.841 18.4172 16.65 17.5227 16.65V16.95ZM3.47718 16.95H17.5227V16.65H3.47718V16.95ZM1.52993 14.8148C1.52993 15.9779 2.3896 16.95 3.47718 16.95V16.65C2.58267 16.65 1.82993 15.841 1.82993 14.8148H1.52993ZM1.52993 4.58813V14.8148H1.82993V4.58813H1.52993ZM2.03132 4.05C1.74076 4.05 1.52993 4.30529 1.52993 4.58813H1.82993C1.82993 4.44223 1.9338 4.35 2.03132 4.35V4.05ZM18.6009 14.9032C18.6009 15.5156 18.1548 15.9868 17.6384 15.9868V16.2868C18.3489 16.2868 18.9009 15.6513 18.9009 14.9032H18.6009ZM18.6009 4.86315V14.9032H18.9009V4.86315H18.6009ZM2.86114 5.01315H18.7509V4.71315H2.86114V5.01315ZM10.601 11.6869L2.96196 4.75209L2.76031 4.97422L10.3993 11.9091L10.601 11.6869ZM16.3827 6.26726L10.3995 11.6868L10.6009 11.9092L16.5841 6.48961L16.3827 6.26726ZM17.1067 6.34561C16.9312 6.10744 16.6038 6.06689 16.3827 6.26728L16.5841 6.48959C16.6685 6.41308 16.791 6.42287 16.8652 6.52357L17.1067 6.34561ZM17.036 7.10308C17.2476 6.91132 17.2757 6.57503 17.1067 6.34564L16.8652 6.52354C16.9458 6.63302 16.9285 6.79569 16.8346 6.88076L17.036 7.10308ZM10.8266 12.7276L17.036 7.10309L16.8346 6.88074L10.6252 12.5052L10.8266 12.7276ZM10.4999 12.8557C10.6179 12.8557 10.7337 12.8116 10.8265 12.7276L10.6252 12.5052C10.5865 12.5402 10.5421 12.5557 10.4999 12.5557V12.8557ZM10.1729 12.7272C10.2658 12.8115 10.3817 12.8557 10.4999 12.8557V12.5557C10.4577 12.5557 10.4132 12.5402 10.3744 12.505L10.1729 12.7272ZM2.14815 5.4423L10.1728 12.7272L10.3745 12.5051L2.3498 5.22018L2.14815 5.4423ZM2.39897 14.9032V5.33124H2.09897V14.9032H2.39897ZM3.36145 15.9868C2.84508 15.9868 2.39897 15.5155 2.39897 14.9032H2.09897C2.09897 15.6513 2.65096 16.2868 3.36145 16.2868V15.9868ZM17.6384 15.9868H3.36145V16.2868H17.6384V15.9868Z\" fill=\"#7E8590\"\/>\n<\/svg>\n\t\t\t<\/div>\n\t\t<\/div>\n\t<\/div>\n\t<h3>Meddelande<\/h3>\n\t<div class=\"form__group\">\n\t\t<div class=\"field\">\n\t\t\t<textarea name=\"message\" id=\"message\" rows=\"7\" placeholder=\" \"><\/textarea>\n\t\t\t<label id=\"message\">Jag skulle vilja veta\u2026<\/label>\n\t\t<\/div>\n\t<\/div>\n\t<div class=\"form__group\">\n\t\t<div class=\"field field--right\">\n\t\t<button type=\"submit\" class=\"btn btn--primary\">S\u00e4nd meddelande<\/button>\n\t\t<\/div>\n\t<\/div>\n<\/form>\n\n\t\t<div class=\"contact-form__response\">\n\t\t\t<div class=\"response-message response-message--loader\">\n\t\t\t\t\n<div class=\"circle-loader\"><span><\/span><\/div>\n\t\t\t<\/div>\n\t\t\t<div class=\"response-message response-message--success\">\n\t\t\t\tTack f\u00f6r att du kontaktade oss, vi \u00e5terkommer s\u00e5 snart som m\u00f6jligt\t\t\t<\/div>\n\t\t\t<div class=\"response-message response-message--failed\">\n\t\t\t\tN\u00e5got gick fel, f\u00f6rs\u00f6k att ringa oss \t\t\t\t<a href=\"tel:\">+46 (0) 8-446 893 42<\/a>\n\t\t\t\t eller skriv direkt till \t\t\t\t<a href=\"mailto:resa@dbpadventures.com\">resa@dbpadventures.com<\/a>\n\t\t\t<\/div>\n\t\t<\/div>\n\t<\/div>\n<\/div>\n\n\t\t\t\t<\/div>\n\t\t\t<\/div>\n\t\t<\/div>\n\n\t<\/div>\n<\/div>\n\n\n<div class=\"block block--image-text-columns\">\n\t<div class=\"image-text-columns\">\n    \t<div class=\"container\">\n            <div class=\"row\">\n                <div class=\"col-md-5 col-lg-4 image-text-columns__wrapper\">\n                    <div class=\"obj-fit image-text-columns__img\">\n                        <img decoding=\"async\" src=\"https:\/\/dbpadventures.com\/se\/wp-content\/uploads\/sites\/5\/2024\/12\/bali01.3-819x1024.jpeg\" srcset=\"https:\/\/dbpadventures.com\/se\/wp-content\/uploads\/sites\/5\/2024\/12\/bali01.3-819x1024.jpeg 819w, https:\/\/dbpadventures.com\/se\/wp-content\/uploads\/sites\/5\/2024\/12\/bali01.3-240x300.jpeg 240w, https:\/\/dbpadventures.com\/se\/wp-content\/uploads\/sites\/5\/2024\/12\/bali01.3-768x960.jpeg 768w, https:\/\/dbpadventures.com\/se\/wp-content\/uploads\/sites\/5\/2024\/12\/bali01.3-1229x1536.jpeg 1229w, https:\/\/dbpadventures.com\/se\/wp-content\/uploads\/sites\/5\/2024\/12\/bali01.3.jpeg 1350w\" sizes=\"(max-width: 100vw) 800, 800\" alt=\"\">\n                    <\/div>\n                    <div class=\"image-text-columns__desc\">\n                        <span><\/span>\n                    <\/div>\n                <\/div>\n                <div class=\"col-md-7 offset-lg-1\">\n                    <h2 class=\"image-text-columns__title\">Mentawai, Indonesien<\/h2>\n                    <div class=\"image-text-columns__text column-size-one\">\n                        <div class=\"flex-shrink-0 flex flex-col relative items-end\">\n<div class=\"pt-0\">\n<div class=\"gizmo-bot-avatar flex h-8 w-8 items-center justify-center overflow-hidden rounded-full\">\n<div>\n<p>\u00c5k till en av v\u00e4rldens mest spektakul\u00e4ra destinationer &#8211; <span style=\"font-size: 1rem;\">Mentawai\u00f6arna i Indonesien.\u00a0<\/span><\/p>\n<div class=\"nwVKo\">\n<div class=\"loJjTe\"><\/div>\n<\/div>\n<\/div>\n<div>\n<p>Upplev en exklusiv standfastighet p\u00e5 4 800 m\u00b2 i Tua Pejat, d\u00e4r du enkelt kan n\u00e5 14 v\u00e4rldsklassiga surfspots bara n\u00e5gra minuter fr\u00e5n d\u00e4r du bor tillsammans med \u00f6ver 20 v\u00e5gor en kort b\u00e5ttur bort.<\/p>\n<\/div>\n<div>K\u00e4nt som ett riktigt surfparadis erbjuder Mentawai\u00f6arna o\u00e4ndligt med perfekta v\u00e5gor och or\u00f6rd natur. Destinationen kombinerar inte bara otrolig surf f\u00f6r alla niv\u00e5er utan ocks\u00e5 en f\u00f6rstklassig upplevelse med allt runtom. H\u00e4r bor du i unika och bekv\u00e4ma villor med privata pooler samtidigt som du f\u00e5r gourmetmat tillagade av tidigare Michelinkockar.<\/div>\n<div><\/div>\n<\/div>\n<\/div>\n<div>Det h\u00e4r \u00e4r perfekt f\u00f6r dig som s\u00f6ker en personlig men exklusiv resa som \u00e4r skr\u00e4ddarsydd f\u00f6r dig och dina \u00f6nskem\u00e5l. V\u00e5ra skr\u00e4ddarsydda resor till Mentawai\u00f6arna kombinerar v\u00e4rldsklassig surf med avslappning och kvalit\u00e9 medan du \u00e4r omgiven av enast\u00e5ende natur. L\u00e5t oss hj\u00e4lpa dig att skapa minnen som du l\u00e4nge kommer titta tillbaka p\u00e5!<\/div>\n<\/div>\n                    <\/div>\n                <\/div>\n            <\/div>\n        <\/div>\n    <\/div>\n<\/div>\n\n\n<div class=\"block block--image-text-columns\">\n\t<div class=\"image-text-columns\">\n    \t<div class=\"container\">\n            <div class=\"row\">\n                <div class=\"col-md-5 col-lg-4 image-text-columns__wrapper\">\n                    <div class=\"obj-fit image-text-columns__img\">\n                        <img decoding=\"async\" src=\"https:\/\/dbpadventures.com\/se\/wp-content\/uploads\/sites\/5\/2024\/12\/debredeplanker-dbp-laersurf-tanzania-strand-vand-scaled-1-1024x768.jpeg\" srcset=\"https:\/\/dbpadventures.com\/se\/wp-content\/uploads\/sites\/5\/2024\/12\/debredeplanker-dbp-laersurf-tanzania-strand-vand-scaled-1-1024x768.jpeg 1024w, https:\/\/dbpadventures.com\/se\/wp-content\/uploads\/sites\/5\/2024\/12\/debredeplanker-dbp-laersurf-tanzania-strand-vand-scaled-1-300x225.jpeg 300w, https:\/\/dbpadventures.com\/se\/wp-content\/uploads\/sites\/5\/2024\/12\/debredeplanker-dbp-laersurf-tanzania-strand-vand-scaled-1-768x576.jpeg 768w, https:\/\/dbpadventures.com\/se\/wp-content\/uploads\/sites\/5\/2024\/12\/debredeplanker-dbp-laersurf-tanzania-strand-vand-scaled-1-1536x1151.jpeg 1536w, https:\/\/dbpadventures.com\/se\/wp-content\/uploads\/sites\/5\/2024\/12\/debredeplanker-dbp-laersurf-tanzania-strand-vand-scaled-1-2048x1535.jpeg 2048w, https:\/\/dbpadventures.com\/se\/wp-content\/uploads\/sites\/5\/2024\/12\/debredeplanker-dbp-laersurf-tanzania-strand-vand-scaled-1-1600x1199.jpeg 1600w\" sizes=\"(max-width: 100vw) 800, 800\" alt=\"\">\n                    <\/div>\n                    <div class=\"image-text-columns__desc\">\n                        <span><\/span>\n                    <\/div>\n                <\/div>\n                <div class=\"col-md-7 offset-lg-1\">\n                    <h2 class=\"image-text-columns__title\">Fiji<\/h2>\n                    <div class=\"image-text-columns__text column-size-one\">\n                        <div class=\"flex-shrink-0 flex flex-col relative items-end\">\n<div class=\"pt-0\">\n<div class=\"gizmo-bot-avatar flex h-8 w-8 items-center justify-center overflow-hidden rounded-full\">\n<div class=\"relative p-1 rounded-sm flex items-center justify-center bg-token-main-surface-primary text-token-text-primary h-8 w-8\">\n<p>Fiji \u00e4r ett paradis med sitt kristallklart vatten, or\u00f6rda str\u00e4nder och s\u00e5klart &#8211; v\u00e5gor i v\u00e4rldsklass. Mest k\u00e4nt f\u00f6r ikoniska Cloudbreak har Fiji \u00e4ven surfspots som Restaurants och Namotu Lefts, n\u00e5got som g\u00f6r att alla surfare hittar n\u00e5got som passar dem. F\u00f6rutom v\u00e5gorna \u00e4r Fiji k\u00e4nt f\u00f6r sin varma g\u00e4stfrihet och rika kulturarv, s\u00e5 n\u00e4r du \u00e4r h\u00e4r kommer du kunna utforska regnskogar, dyka bland de f\u00e4rgsprakande korallreven och bara koppla av p\u00e5 de kritvita str\u00e4nderna.<\/p>\n<p>En resa skr\u00e4ddarsydd efter dina behov inkluderar s\u00e5klart exklusiva boenden och bekv\u00e4mligheter, och professionella surfguider. Fiji kommer ge dig en surfresa som p\u00e5 det perfekta s\u00e4ttet blandar \u00e4ventyr och avkoppling i en tropisk oas.<\/p>\n<\/div>\n<\/div>\n<\/div>\n<\/div>\n                    <\/div>\n                <\/div>\n            <\/div>\n        <\/div>\n    <\/div>\n<\/div>\n\n\n<div class=\"block block--image-text-columns\">\n\t<div class=\"image-text-columns\">\n    \t<div class=\"container\">\n            <div class=\"row\">\n                <div class=\"col-md-5 col-lg-4 image-text-columns__wrapper\">\n                    <div class=\"obj-fit image-text-columns__img\">\n                        <img decoding=\"async\" src=\"https:\/\/dbpadventures.com\/se\/wp-content\/uploads\/sites\/5\/2024\/12\/surfing1.png\" srcset=\"https:\/\/dbpadventures.com\/se\/wp-content\/uploads\/sites\/5\/2024\/12\/surfing1.png 1012w, https:\/\/dbpadventures.com\/se\/wp-content\/uploads\/sites\/5\/2024\/12\/surfing1-300x198.png 300w, https:\/\/dbpadventures.com\/se\/wp-content\/uploads\/sites\/5\/2024\/12\/surfing1-768x508.png 768w\" sizes=\"(max-width: 100vw) 800, 800\" alt=\"\">\n                    <\/div>\n                    <div class=\"image-text-columns__desc\">\n                        <span><\/span>\n                    <\/div>\n                <\/div>\n                <div class=\"col-md-7 offset-lg-1\">\n                    <h2 class=\"image-text-columns__title\">Seychellerna<\/h2>\n                    <div class=\"image-text-columns__text column-size-one\">\n                        <p>Seychellerna \u00e4r en unik destination som passar perfekt f\u00f6r ett skr\u00e4ddarsytt surf\u00e4ventyr d\u00e4r otrolig natur m\u00f6ter en ny niv\u00e5 av lyx. Granitklippor, berg och smala kustlinjer skapar tillsammans dessa spektakul\u00e4ra \u00f6ar.<\/p>\n<p>Mah\u00e9 \u00e4r ett paradis f\u00f6r longboarders eftersom att du d\u00e4r kan surfa sm\u00e5 och lekfulla v\u00e5gor i en avslappnad milj\u00f6. \u00d6n bjuder ocks\u00e5 p\u00e5 fantastisk natur som tillsammans skapar en unik plats f\u00f6r surf, d\u00e4r landskapet \u00e4r minst lika fascinerade som v\u00e5gorna.<\/p>\n<p>F\u00f6r de som s\u00f6ker lite mer avskildhet kan vi designa en resa d\u00e4r ni bor p\u00e5 en \u00f6de \u00f6 &#8211; Desroches. Desroches kommer ge dig en of\u00f6rgl\u00f6mlig upplevelse med \u00f6ver 20 tomma surfspots som passar alla niv\u00e5er, n\u00e5got som g\u00f6r \u00f6n perfekt f\u00f6r dig som s\u00f6ker lugnet och n\u00e5got lite mer exklusivt.<\/p>\n<p>L\u00e5t oss skapa ditt n\u00e4sta surf\u00e4ventyr till Seychellerna d\u00e4r lyx, lugn och v\u00e4rldsklassiga v\u00e5gor m\u00f6ts i en of\u00f6rgl\u00f6mlig resa.<\/p>\n                    <\/div>\n                <\/div>\n            <\/div>\n        <\/div>\n    <\/div>\n<\/div>\n\n\n<div class=\"block block--paragraph\">\n\t<div class=\"paragraph\">\n    \t<div class=\"container\">\n            <div class=\"row\">\n\t\t\t\t<div class=\"col-md-8 offset-md-2\">\n\t\t\t\t\t<div class=\"flex-shrink-0 flex flex-col relative items-end\">\n<div class=\"pt-0\">\n<div class=\"gizmo-bot-avatar flex h-8 w-8 items-center justify-center overflow-hidden rounded-full\">\n<p style=\"text-align: center;\"><strong>Surfresor skapade efter dina dr\u00f6mmar &#8211;<br \/>\n<\/strong><strong>Inga gr\u00e4nser finns med skr\u00e4ddarsydda resor hos DBP Adventures!<\/strong><\/p>\n<p style=\"text-align: center;\">Med v\u00e5ra<a href=\"https:\/\/dbpadventures.com\/se\/skraddarsydda-aventyr\/\"> skr\u00e4ddarsydda \u00e4ventyr<\/a> finns det inga gr\u00e4nser f\u00f6r hur din n\u00e4sta surfresa kan se ut. Vi designar resor som kombinerar n\u00e5gra av v\u00e4rldens b\u00e4sta surfspots tillsammans med unika upplevelser &#8211; s\u00e5 att du f\u00e5r ut det mesta av b\u00e5de v\u00e5gorna och destinationen. Oavsett om du letar efter exklusiva boenden med havsutsikt, privat surfguidning eller att blanda surfen med yoga, dykning och lokala upplevelser, lovar vi att din resa kommer m\u00f6ta allt det du dr\u00f6mmer om.<\/p>\n<p style=\"text-align: center;\">Oavsett niv\u00e5n p\u00e5 din surfing kan vi hitta den perfekta surfdestinationen och instrukt\u00f6rerna f\u00f6r dig. Du som nyb\u00f6rjare kommer ha instrukt\u00f6rer som l\u00e4r dig allt du beh\u00f6ver i din egen takt. F\u00f6r dig som redan \u00e4r mer erfaren i havet kan f\u00e5 surfguidning med lokala experter som hj\u00e4lper dig hitta g\u00f6mda surfspots medan de hj\u00e4lper dig bli b\u00e4ttre ute i v\u00e5gorna.<\/p>\n<p style=\"text-align: center;\">Vill du hellre \u00e5ka p\u00e5 ett surfcamp eller en gruppresa? <a href=\"https:\/\/dbpadventures.com\/se\/upplevelser\/alla-surf-resor\/\">Kolla igenom v\u00e5ra surfdestinationer<\/a> vi har v\u00e4rlden \u00f6ver, alla \u00e4r handplockade av oss d\u00e5 vi vet att de erbjuder otrolig surf blandat med en hemmak\u00e4nsla som \u00e4r sv\u00e5r att sl\u00e5<a href=\"https:\/\/www.yr.no\/nb\" target=\"_blank\" rel=\"noopener\">.<\/a><\/p>\n<\/div>\n<\/div>\n<\/div>\n\t\t\t\t<\/div>\n\t\t\t<\/div>\n\t\t<\/div>\n\t<\/div>\n<\/div>\n\n\n\n\n<div class=\"htmlcode--block\">\n\t<div id=\"sn-e6777538-ae30-424c-b8fe-7d6965f22f8c\"><\/div><\/div>\n","protected":false},"excerpt":{"rendered":"","protected":false},"author":5,"featured_media":0,"parent":0,"menu_order":0,"comment_status":"closed","ping_status":"closed","template":"","meta":{"_acf_changed":false,"footnotes":""},"class_list":["post-9476","page","type-page","status-publish","hentry"],"acf":[],"_links":{"self":[{"href":"https:\/\/dbpadventures.com\/se\/wp-json\/wp\/v2\/pages\/9476","targetHints":{"allow":["GET"]}}],"collection":[{"href":"https:\/\/dbpadventures.com\/se\/wp-json\/wp\/v2\/pages"}],"about":[{"href":"https:\/\/dbpadventures.com\/se\/wp-json\/wp\/v2\/types\/page"}],"author":[{"embeddable":true,"href":"https:\/\/dbpadventures.com\/se\/wp-json\/wp\/v2\/users\/5"}],"replies":[{"embeddable":true,"href":"https:\/\/dbpadventures.com\/se\/wp-json\/wp\/v2\/comments?post=9476"}],"version-history":[{"count":54,"href":"https:\/\/dbpadventures.com\/se\/wp-json\/wp\/v2\/pages\/9476\/revisions"}],"predecessor-version":[{"id":9638,"href":"https:\/\/dbpadventures.com\/se\/wp-json\/wp\/v2\/pages\/9476\/revisions\/9638"}],"wp:attachment":[{"href":"https:\/\/dbpadventures.com\/se\/wp-json\/wp\/v2\/media?parent=9476"}],"curies":[{"name":"wp","href":"https:\/\/api.w.org\/{rel}","templated":true}]}}